{"id":883,"date":"2018-05-29T11:10:26","date_gmt":"2018-05-29T11:10:26","guid":{"rendered":"http:\/\/xtratheme.com\/default\/?page_id=4"},"modified":"2018-05-29T11:10:26","modified_gmt":"2018-05-29T11:10:26","slug":"home","status":"publish","type":"page","link":"https:\/\/catram-dz.com\/","title":{"rendered":"Accueil"},"content":{"rendered":"<div class=\"wpb-content-wrapper\"><p>[vc_row][vc_column]<div class=\"cz_gap clr \" style=\"height: 50px\"><\/div><div id=\"cz_15178\" class=\"cz_15178 cz_title clr cz_title_pos_inline tac\"><div class=\"cz_title_content\"><div class=\"cz_wpe_content\"><h1 style=\"text-align: center;\"><span style=\"color: #28388f;\">NOS SERVICES<\/span><\/h1>\n<\/div><\/div><\/div><div class=\"cz_gap clr  hide_on_mobile\" style=\"height: 60px\"><\/div><div class=\"cz_gap show_on_mobile clr\" style=\"height: 40px\"><\/div>[\/vc_column][\/vc_row][vc_row][vc_column width=\u00a0\u00bb1\/4&Prime;]<div id=\"cz_62437\" class=\"cz_62437 cz_image clr cz_image_no_fx center_on_mobile\"><div class=\"\" ><div class=\"cz_image_in\"><div class=\"cz_main_image\"><img decoding=\"async\" width=\"150\" height=\"150\" src=\"https:\/\/catram-dz.com\/wp-content\/uploads\/2022\/07\/container-truck-150x150.png\" class=\"attachment-thumbnail\" alt=\"\" title=\"container-truck\" srcset=\"https:\/\/catram-dz.com\/wp-content\/uploads\/2022\/07\/container-truck-150x150.png 150w, https:\/\/catram-dz.com\/wp-content\/uploads\/2022\/07\/container-truck.png 256w\" sizes=\"(max-width: 150px) 100vw, 150px\" \/><\/div><\/div><\/div><\/div><div class=\"cz_eqh cz_content_box_parent_fx  \"><div id=\"cz_17803\" class=\"cz_17803 cz_content_box clr\"><div class=\"cz_box_front clr\"><div class=\"cz_box_front_inner clr \"><span><\/span><div><div id=\"cz_75935\" class=\"cz_75935 cz_title clr cz_title_pos_inline tac\"><div class=\"cz_title_content\"><div class=\"cz_wpe_content\"><h4 style=\"text-align: center;\"><span style=\"color: #ffffff;\">TRANSPORT ROUTE<\/span><span style=\"color: #ed1b24;\"><br \/>\n<\/span><\/h4>\n<\/div><\/div><\/div><div class=\"cz_btn_center\"><div class=\"cz_43784_p\"><a id=\"cz_43784\" class=\"cz_43784 cz_btn cz_btn_txt_no_fx cz_btn_no_fx\" href=\"https:\/\/catram-dz.com\/?page_id=1647\" title=\"Nos Services\"><span><strong>SAVOIR PLUS<\/strong><\/span><b class=\"cz_btn_onhover\"><strong>SAVOIR PLUS<\/strong><\/b><\/a><\/div><\/div><\/div><\/div><\/div><\/div><\/div>[\/vc_column][vc_column width=\u00a0\u00bb1\/4&Prime;]<div id=\"cz_91508\" class=\"cz_91508 cz_image clr cz_image_no_fx center_on_mobile\"><div class=\"\" ><div class=\"cz_image_in\"><div class=\"cz_main_image\"><img decoding=\"async\" width=\"150\" height=\"150\" src=\"https:\/\/catram-dz.com\/wp-content\/uploads\/2022\/07\/cargo-ship-150x150.png\" class=\"attachment-thumbnail\" alt=\"\" title=\"cargo-ship\" srcset=\"https:\/\/catram-dz.com\/wp-content\/uploads\/2022\/07\/cargo-ship-150x150.png 150w, https:\/\/catram-dz.com\/wp-content\/uploads\/2022\/07\/cargo-ship.png 256w\" sizes=\"(max-width: 150px) 100vw, 150px\" \/><\/div><\/div><\/div><\/div><div class=\"cz_eqh cz_content_box_parent_fx  \"><div id=\"cz_94630\" class=\"cz_94630 cz_content_box clr\"><div class=\"cz_box_front clr\"><div class=\"cz_box_front_inner clr \"><span><\/span><div><div id=\"cz_79024\" class=\"cz_79024 cz_title clr cz_title_pos_inline tac\"><div class=\"cz_title_content\"><div class=\"cz_wpe_content\"><h4 style=\"text-align: center;\"><span style=\"color: #ed1b24;\"><span style=\"color: #ffffff;\">FRET MARITIME<\/span><br \/>\n<\/span><\/h4>\n<\/div><\/div><\/div><div class=\"cz_btn_center\"><div class=\"cz_103593_p\"><a id=\"cz_103593\" class=\"cz_103593 cz_btn cz_btn_txt_no_fx cz_btn_no_fx\" href=\"https:\/\/catram-dz.com\/?page_id=1650\" title=\"Fret Maritime\"><span><strong>SAVOIR PLUS<\/strong><\/span><b class=\"cz_btn_onhover\"><strong>SAVOIR PLUS<\/strong><\/b><\/a><\/div><\/div><\/div><\/div><\/div><\/div><\/div>[\/vc_column][vc_column width=\u00a0\u00bb1\/4&Prime;]<div id=\"cz_51706\" class=\"cz_51706 cz_image clr cz_image_no_fx center_on_mobile\"><div class=\"\" ><div class=\"cz_image_in\"><div class=\"cz_main_image\"><img decoding=\"async\" class=\"\" src=\"https:\/\/catram-dz.com\/wp-content\/uploads\/2022\/07\/shipping1-80x80.png\" width=\"80\" height=\"80\" alt=\"shipping(1)\" title=\"shipping(1)\" loading=\"lazy\" \/><\/div><\/div><\/div><\/div><div class=\"cz_eqh cz_content_box_parent_fx  \"><div id=\"cz_93375\" class=\"cz_93375 cz_content_box clr\"><div class=\"cz_box_front clr\"><div class=\"cz_box_front_inner clr \"><span><\/span><div><div id=\"cz_84517\" class=\"cz_84517 cz_title clr cz_title_pos_inline tac\"><div class=\"cz_title_content\"><div class=\"cz_wpe_content\"><h4 style=\"text-align: center;\"><span style=\"color: #ffffff;\">E-COMMERCE<\/span><\/h4>\n<\/div><\/div><\/div><div class=\"cz_btn_center\"><div class=\"cz_55479_p\"><a id=\"cz_55479\" class=\"cz_55479 cz_btn cz_btn_txt_no_fx cz_btn_no_fx\" href=\"https:\/\/catram-dz.com\/?page_id=1657\" title=\"E-commerce\"><span><strong>SAVOIR PLUS<\/strong><\/span><b class=\"cz_btn_onhover\"><strong>SAVOIR PLUS<\/strong><\/b><\/a><\/div><\/div><\/div><\/div><\/div><\/div><\/div>[\/vc_column][vc_column width=\u00a0\u00bb1\/4&Prime;]<div id=\"cz_107489\" class=\"cz_107489 cz_image clr cz_image_no_fx center_on_mobile\"><div class=\"\" ><div class=\"cz_image_in\"><div class=\"cz_main_image\"><img decoding=\"async\" class=\"\" src=\"https:\/\/catram-dz.com\/wp-content\/uploads\/2022\/07\/import-80x80.png\" width=\"80\" height=\"80\" alt=\"import\" title=\"import\" loading=\"lazy\" \/><\/div><\/div><\/div><\/div><div class=\"cz_eqh cz_content_box_parent_fx  \"><div id=\"cz_73609\" class=\"cz_73609 cz_content_box clr\"><div class=\"cz_box_front clr\"><div class=\"cz_box_front_inner clr \"><span><\/span><div><div id=\"cz_68845\" class=\"cz_68845 cz_title clr cz_title_pos_inline tac\"><div class=\"cz_title_content\"><div class=\"cz_wpe_content\"><h4 style=\"text-align: center;\"><span style=\"color: #ed1b24;\"><span style=\"color: #ffffff;\">Logistique de Projets Industriels<\/span><br \/>\n<\/span><\/h4>\n<\/div><\/div><\/div><div class=\"cz_btn_center\"><div class=\"cz_88959_p\"><a id=\"cz_88959\" class=\"cz_88959 cz_btn cz_btn_txt_no_fx cz_btn_no_fx\" href=\"https:\/\/catram-dz.com\/?page_id=1664\" title=\"Logistique de Projet Industriels\"><span><strong>SAVOIR PLUS<\/strong><\/span><b class=\"cz_btn_onhover\"><strong>SAVOIR PLUS<\/strong><\/b><\/a><\/div><\/div><\/div><\/div><\/div><\/div><\/div>[\/vc_column][\/vc_row][vc_row][vc_column width=\u00a0\u00bb1\/3&Prime;]<div id=\"cz_68135\" class=\"cz_68135 cz_image clr cz_image_no_fx center_on_mobile\"><div class=\"\" ><div class=\"cz_image_in\"><div class=\"cz_main_image\"><img decoding=\"async\" class=\"\" src=\"https:\/\/catram-dz.com\/wp-content\/uploads\/2022\/07\/warehouse-80x80.png\" width=\"80\" height=\"80\" alt=\"warehouse\" title=\"warehouse\" loading=\"lazy\" \/><\/div><\/div><\/div><\/div><div class=\"cz_eqh cz_content_box_parent_fx  \"><div id=\"cz_61375\" class=\"cz_61375 cz_content_box clr\"><div class=\"cz_box_front clr\"><div class=\"cz_box_front_inner clr \"><span><\/span><div><div id=\"cz_17319\" class=\"cz_17319 cz_title clr cz_title_pos_inline tac\"><div class=\"cz_title_content\"><div class=\"cz_wpe_content\"><h4 style=\"text-align: center;\"><span style=\"color: #ed1b24;\"><span style=\"color: #ffffff;\">LOGISTIQUE CONTRACTUELLE<\/span><br \/>\n<\/span><\/h4>\n<\/div><\/div><\/div><div class=\"cz_btn_center\"><div class=\"cz_27045_p\"><a id=\"cz_27045\" class=\"cz_27045 cz_btn cz_btn_txt_no_fx cz_btn_no_fx\" href=\"https:\/\/catram-dz.com\/?page_id=1667\" title=\"Logistique Contractuelle\"><span><strong>SAVOIR PLUS<\/strong><\/span><b class=\"cz_btn_onhover\"><strong>SAVOIR PLUS<\/strong><\/b><\/a><\/div><\/div><\/div><\/div><\/div><\/div><\/div>[\/vc_column][vc_column width=\u00a0\u00bb1\/3&Prime;]<div id=\"cz_85269\" class=\"cz_85269 cz_image clr cz_image_no_fx center_on_mobile\"><div class=\"\" ><div class=\"cz_image_in\"><div class=\"cz_main_image\"><img decoding=\"async\" class=\"\" src=\"https:\/\/catram-dz.com\/wp-content\/uploads\/2022\/08\/supply-chain-1-80x80.png\" width=\"80\" height=\"80\" alt=\"supply-chain\" title=\"supply-chain\" loading=\"lazy\" \/><\/div><\/div><\/div><\/div><div class=\"cz_eqh cz_content_box_parent_fx  \"><div id=\"cz_96130\" class=\"cz_96130 cz_content_box clr\"><div class=\"cz_box_front clr\"><div class=\"cz_box_front_inner clr \"><span><\/span><div><div id=\"cz_95146\" class=\"cz_95146 cz_title clr cz_title_pos_inline tac\"><div class=\"cz_title_content\"><div class=\"cz_wpe_content\"><h4 style=\"text-align: center;\"><span style=\"color: #ed1b24;\"><span style=\"color: #ffffff;\">SUPPLY CHAIN OPTIMIZATION<\/span><br \/>\n<\/span><\/h4>\n<\/div><\/div><\/div><div class=\"cz_btn_center\"><div class=\"cz_36251_p\"><a id=\"cz_36251\" class=\"cz_36251 cz_btn cz_btn_txt_no_fx cz_btn_no_fx\" href=\"https:\/\/catram-dz.com\/?page_id=1670\" title=\"Supply Chain Optimization\"><span><strong>SAVOIR PLUS<\/strong><\/span><b class=\"cz_btn_onhover\"><strong>SAVOIR PLUS<\/strong><\/b><\/a><\/div><\/div><\/div><\/div><\/div><\/div><\/div>[\/vc_column][vc_column width=\u00a0\u00bb1\/3&Prime;]<div id=\"cz_72735\" class=\"cz_72735 cz_image clr cz_image_no_fx center_on_mobile\"><div class=\"\" ><div class=\"cz_image_in\"><div class=\"cz_main_image\"><img decoding=\"async\" class=\"\" src=\"https:\/\/catram-dz.com\/wp-content\/uploads\/2022\/07\/custom-clearance-80x80.png\" width=\"80\" height=\"80\" alt=\"custom-clearance\" title=\"custom-clearance\" loading=\"lazy\" \/><\/div><\/div><\/div><\/div><div class=\"cz_eqh cz_content_box_parent_fx  \"><div id=\"cz_24781\" class=\"cz_24781 cz_content_box clr\"><div class=\"cz_box_front clr\"><div class=\"cz_box_front_inner clr \"><span><\/span><div><div id=\"cz_65961\" class=\"cz_65961 cz_title clr cz_title_pos_inline tac\"><div class=\"cz_title_content\"><div class=\"cz_wpe_content\"><h4 style=\"text-align: center;\"><span style=\"color: #ed1b24;\"><span style=\"color: #ffffff;\">COMMISSIONNAIRE EN DOUANE<\/span><br \/>\n<\/span><\/h4>\n<\/div><\/div><\/div><div class=\"cz_btn_center\"><div class=\"cz_90510_p\"><a id=\"cz_90510\" class=\"cz_90510 cz_btn cz_btn_txt_no_fx cz_btn_no_fx\" href=\"https:\/\/catram-dz.com\/?page_id=1673\" title=\"Commissionaire en Douane\"><span><strong>SAVOIR PLUS<\/strong><\/span><b class=\"cz_btn_onhover\"><strong>SAVOIR PLUS<\/strong><\/b><\/a><\/div><\/div><\/div><\/div><\/div><\/div><\/div>[\/vc_column][\/vc_row][vc_row full_width=\u00a0\u00bbstretch_row\u00a0\u00bb parallax=\u00a0\u00bbcontent-moving-fade\u00a0\u00bb parallax_image=\u00a0\u00bb1432&Prime;][vc_column]<div class=\"cz_gap clr \" style=\"height: 200px\"><\/div>[vc_row_inner][vc_column_inner width=\u00a0\u00bb1\/2&Prime; css=\u00a0\u00bb.vc_custom_1657191240657{margin-right: 0px !important;}\u00a0\u00bb]<div id=\"cz_105243\" class=\"cz_105243 cz_title clr cz_title_has_bg cz_title_pos_inline\"><div class=\"cz_title_content\"><div class=\"cz_wpe_content\"><p><span style=\"color: #ffffff;\"><strong>CATRAM GROUPE<\/strong> est une entreprise familiale cr\u00e9\u00e9e en 1992 par Mr B. TEITACHE. Nous avons acquis une exp\u00e9rience de plus de 20 ans, dans le domaine de la logistique nationale et internationale. Notre entreprise est agr\u00e9\u00e9e par les services des douanes alg\u00e9riennes ce qu\u2019il lui permet d\u2019op\u00e9rer dans le domaine de la logistique sp\u00e9cialis\u00e9e.<\/span><\/p>\n<p>&nbsp;<\/p>\n<p><span style=\"color: #ffffff;\">Notre entreprise a pour vocation la coordination de tous les maillons de la cha\u00eene logistique, notamment, l\u2019organisation et <\/span><span style=\"color: #ffffff;\">la gestion de toutes les arriv\u00e9es et d\u00e9parts des marchandises \u00e0 travers tous les ports, a\u00e9roports et fronti\u00e8res terrestres.<\/span><\/p>\n<p><span style=\"color: #ffffff;\">Nous collaborons \u00e9troitement avec nos clients durant toutes les op\u00e9rations d\u2019approvisionnement des marchandises afin<\/span><br \/>\n<span style=\"color: #ffffff;\">de ma\u00eetriser les co\u00fbts et optimiser le temps.<\/span><\/p>\n<\/div><\/div><\/div>[\/vc_column_inner][vc_column_inner width=\u00a0\u00bb1\/2&Prime; css=\u00a0\u00bb.vc_custom_1657191251963{margin-left: 0px !important;}\u00a0\u00bb]<div id=\"cz_96965\" class=\"cz_96965 cz_image clr cz_image_no_fx center_on_mobile\"><div class=\"\" ><div class=\"cz_image_in\"><div class=\"cz_main_image\"><img decoding=\"async\" width=\"1024\" height=\"772\" src=\"https:\/\/catram-dz.com\/wp-content\/uploads\/2022\/04\/slide2-scaled-1-1024x772.jpg\" class=\"attachment-large\" alt=\"\" title=\"slide2\" srcset=\"https:\/\/catram-dz.com\/wp-content\/uploads\/2022\/04\/slide2-scaled-1-1024x772.jpg 1024w, https:\/\/catram-dz.com\/wp-content\/uploads\/2022\/04\/slide2-scaled-1-300x226.jpg 300w, https:\/\/catram-dz.com\/wp-content\/uploads\/2022\/04\/slide2-scaled-1-768x579.jpg 768w, https:\/\/catram-dz.com\/wp-content\/uploads\/2022\/04\/slide2-scaled-1-1536x1159.jpg 1536w, https:\/\/catram-dz.com\/wp-content\/uploads\/2022\/04\/slide2-scaled-1-2048x1545.jpg 2048w, https:\/\/catram-dz.com\/wp-content\/uploads\/2022\/04\/slide2-scaled-1-600x453.jpg 600w\" sizes=\"(max-width: 1024px) 100vw, 1024px\" \/><\/div><\/div><\/div><\/div>[\/vc_column_inner][\/vc_row_inner]<div class=\"cz_gap clr \" style=\"height: 200px\"><\/div>[\/vc_column][\/vc_row][vc_row][vc_column]<div class=\"cz_gap clr \" style=\"height: 50px\"><\/div>[vc_text_separator title=\u00a0\u00bbIls nous font confiance\u00a0\u00bb]<div class=\"cz_gap clr \" style=\"height: 50px\"><\/div><div id=\"cz_103591\" class=\"cz_103591 slick arrows_mlr no_dots\" data-slick='{\"selector\":\"\",\"slidesToShow\":5,\"slidesToScroll\":1,\"rows\":1,\"fade\":false,\"vertical\":false,\"verticalSwiping\":false,\"infinite\":true,\"speed\":1000,\"swipeToSlide\":true,\"centerMode\":false,\"centerPadding\":\"\",\"variableWidth\":false,\"autoplay\":true,\"autoplaySpeed\":4000,\"dots\":true,\"counts\":false,\"adaptiveHeight\":false,\"responsive\":[{\"breakpoint\":769,\"settings\":{\"slidesToShow\":2,\"slidesToScroll\":1,\"touchMove\":true}},{\"breakpoint\":481,\"settings\":{\"slidesToShow\":1,\"slidesToScroll\":1,\"touchMove\":true}}]}' data-slick-prev=\"fa fa-chevron-left\" data-slick-next=\"fa fa-chevron-right\"><div id=\"cz_20377\" class=\"cz_20377 cz_image clr cz_image_no_fx center_on_mobile\"><div class=\"\" ><div class=\"cz_image_in\"><div class=\"cz_main_image\"><img decoding=\"async\" width=\"150\" height=\"150\" src=\"https:\/\/catram-dz.com\/wp-content\/uploads\/2022\/07\/audi.png\" class=\"attachment-full\" alt=\"\" title=\"audi\" \/><\/div><\/div><\/div><\/div><div id=\"cz_105647\" class=\"cz_105647 cz_image clr cz_image_no_fx center_on_mobile\"><div class=\"\" ><div class=\"cz_image_in\"><div class=\"cz_main_image\"><img decoding=\"async\" width=\"150\" height=\"150\" src=\"https:\/\/catram-dz.com\/wp-content\/uploads\/2022\/07\/boloe.png\" class=\"attachment-full\" alt=\"\" title=\"bolo\u00e9\" \/><\/div><\/div><\/div><\/div><div id=\"cz_97857\" class=\"cz_97857 cz_image clr cz_image_no_fx center_on_mobile\"><div class=\"\" ><div class=\"cz_image_in\"><div class=\"cz_main_image\"><img decoding=\"async\" width=\"150\" height=\"150\" src=\"https:\/\/catram-dz.com\/wp-content\/uploads\/2022\/07\/cma-cgm.png\" class=\"attachment-full\" alt=\"\" title=\"cma cgm\" \/><\/div><\/div><\/div><\/div><div id=\"cz_99093\" class=\"cz_99093 cz_image clr cz_image_no_fx center_on_mobile\"><div class=\"\" ><div class=\"cz_image_in\"><div class=\"cz_main_image\"><img decoding=\"async\" width=\"150\" height=\"150\" src=\"https:\/\/catram-dz.com\/wp-content\/uploads\/2022\/07\/cnan.png\" class=\"attachment-full\" alt=\"\" title=\"cnan\" \/><\/div><\/div><\/div><\/div><div id=\"cz_72743\" class=\"cz_72743 cz_image clr cz_image_no_fx center_on_mobile\"><div class=\"\" ><div class=\"cz_image_in\"><div class=\"cz_main_image\"><img decoding=\"async\" width=\"150\" height=\"150\" src=\"https:\/\/catram-dz.com\/wp-content\/uploads\/2022\/07\/coca-cola.png\" class=\"attachment-full\" alt=\"\" title=\"coca cola\" \/><\/div><\/div><\/div><\/div><div id=\"cz_68889\" class=\"cz_68889 cz_image clr cz_image_no_fx center_on_mobile\"><div class=\"\" ><div class=\"cz_image_in\"><div class=\"cz_main_image\"><img decoding=\"async\" width=\"150\" height=\"150\" src=\"https:\/\/catram-dz.com\/wp-content\/uploads\/2022\/07\/Dachser.png\" class=\"attachment-full\" alt=\"\" title=\"Dachser\" \/><\/div><\/div><\/div><\/div><div id=\"cz_93494\" class=\"cz_93494 cz_image clr cz_image_no_fx center_on_mobile\"><div class=\"\" ><div class=\"cz_image_in\"><div class=\"cz_main_image\"><img decoding=\"async\" width=\"150\" height=\"150\" src=\"https:\/\/catram-dz.com\/wp-content\/uploads\/2022\/07\/dhl.png\" class=\"attachment-full\" alt=\"\" title=\"dhl\" \/><\/div><\/div><\/div><\/div><div id=\"cz_54020\" class=\"cz_54020 cz_image clr cz_image_no_fx center_on_mobile\"><div class=\"\" ><div class=\"cz_image_in\"><div class=\"cz_main_image\"><img decoding=\"async\" width=\"150\" height=\"150\" src=\"https:\/\/catram-dz.com\/wp-content\/uploads\/2022\/07\/Ford.png\" class=\"attachment-full\" alt=\"\" title=\"Ford\" \/><\/div><\/div><\/div><\/div><div id=\"cz_12958\" class=\"cz_12958 cz_image clr cz_image_no_fx center_on_mobile\"><div class=\"\" ><div class=\"cz_image_in\"><div class=\"cz_main_image\"><img decoding=\"async\" width=\"150\" height=\"150\" src=\"https:\/\/catram-dz.com\/wp-content\/uploads\/2022\/07\/gefco.png\" class=\"attachment-full\" alt=\"\" title=\"gefco\" \/><\/div><\/div><\/div><\/div><div id=\"cz_97545\" class=\"cz_97545 cz_image clr cz_image_no_fx center_on_mobile\"><div class=\"\" ><div class=\"cz_image_in\"><div class=\"cz_main_image\"><img decoding=\"async\" width=\"150\" height=\"150\" src=\"https:\/\/catram-dz.com\/wp-content\/uploads\/2022\/07\/gm.png\" class=\"attachment-full\" alt=\"\" title=\"gm\" \/><\/div><\/div><\/div><\/div><div id=\"cz_20655\" class=\"cz_20655 cz_image clr cz_image_no_fx center_on_mobile\"><div class=\"\" ><div class=\"cz_image_in\"><div class=\"cz_main_image\"><img decoding=\"async\" width=\"150\" height=\"150\" src=\"https:\/\/catram-dz.com\/wp-content\/uploads\/2022\/07\/hundai.png\" class=\"attachment-full\" alt=\"\" title=\"hundai\" \/><\/div><\/div><\/div><\/div><div id=\"cz_25694\" class=\"cz_25694 cz_image clr cz_image_no_fx center_on_mobile\"><div class=\"\" ><div class=\"cz_image_in\"><div class=\"cz_main_image\"><img decoding=\"async\" width=\"150\" height=\"150\" src=\"https:\/\/catram-dz.com\/wp-content\/uploads\/2022\/07\/Maersk.png\" class=\"attachment-full\" alt=\"\" title=\"M\u00e6rsk\" \/><\/div><\/div><\/div><\/div><div id=\"cz_14442\" class=\"cz_14442 cz_image clr cz_image_no_fx center_on_mobile\"><div class=\"\" ><div class=\"cz_image_in\"><div class=\"cz_main_image\"><img decoding=\"async\" width=\"150\" height=\"150\" src=\"https:\/\/catram-dz.com\/wp-content\/uploads\/2022\/07\/man.png\" class=\"attachment-full\" alt=\"\" title=\"man\" \/><\/div><\/div><\/div><\/div><div id=\"cz_99507\" class=\"cz_99507 cz_image clr cz_image_no_fx center_on_mobile\"><div class=\"\" ><div class=\"cz_image_in\"><div class=\"cz_main_image\"><img decoding=\"async\" width=\"150\" height=\"150\" src=\"https:\/\/catram-dz.com\/wp-content\/uploads\/2022\/07\/mecedes.png\" class=\"attachment-full\" alt=\"\" title=\"mecedes\" \/><\/div><\/div><\/div><\/div><div id=\"cz_46285\" class=\"cz_46285 cz_image clr cz_image_no_fx center_on_mobile\"><div class=\"\" ><div class=\"cz_image_in\"><div class=\"cz_main_image\"><img decoding=\"async\" width=\"150\" height=\"150\" src=\"https:\/\/catram-dz.com\/wp-content\/uploads\/2022\/07\/michelin.png\" class=\"attachment-full\" alt=\"\" title=\"michelin\" \/><\/div><\/div><\/div><\/div><div id=\"cz_24187\" class=\"cz_24187 cz_image clr cz_image_no_fx center_on_mobile\"><div class=\"\" ><div class=\"cz_image_in\"><div class=\"cz_main_image\"><img decoding=\"async\" width=\"150\" height=\"150\" src=\"https:\/\/catram-dz.com\/wp-content\/uploads\/2022\/07\/nomad.png\" class=\"attachment-full\" alt=\"\" title=\"nomad\" \/><\/div><\/div><\/div><\/div><div id=\"cz_98754\" class=\"cz_98754 cz_image clr cz_image_no_fx center_on_mobile\"><div class=\"\" ><div class=\"cz_image_in\"><div class=\"cz_main_image\"><img decoding=\"async\" width=\"150\" height=\"150\" src=\"https:\/\/catram-dz.com\/wp-content\/uploads\/2022\/07\/ways.png\" class=\"attachment-full\" alt=\"\" title=\"ways\" \/><\/div><\/div><\/div><\/div><div id=\"cz_24055\" class=\"cz_24055 cz_image clr cz_image_no_fx center_on_mobile\"><div class=\"\" ><div class=\"cz_image_in\"><div class=\"cz_main_image\"><img decoding=\"async\" width=\"150\" height=\"150\" src=\"https:\/\/catram-dz.com\/wp-content\/uploads\/2022\/07\/pmg.png\" class=\"attachment-full\" alt=\"\" title=\"pmg\" \/><\/div><\/div><\/div><\/div><div id=\"cz_84632\" class=\"cz_84632 cz_image clr cz_image_no_fx center_on_mobile\"><div class=\"\" ><div class=\"cz_image_in\"><div class=\"cz_main_image\"><img decoding=\"async\" class=\"\" src=\"https:\/\/catram-dz.com\/wp-content\/uploads\/2022\/07\/Renault-100x100.png\" width=\"100\" height=\"100\" alt=\"Renault\" title=\"Renault\" loading=\"lazy\" \/><\/div><\/div><\/div><\/div><div id=\"cz_109771\" class=\"cz_109771 cz_image clr cz_image_no_fx center_on_mobile\"><div class=\"\" ><div class=\"cz_image_in\"><div class=\"cz_main_image\"><img decoding=\"async\" width=\"150\" height=\"150\" src=\"https:\/\/catram-dz.com\/wp-content\/uploads\/2022\/07\/sabic.png\" class=\"attachment-full\" alt=\"\" title=\"sabic\" \/><\/div><\/div><\/div><\/div><div id=\"cz_108163\" class=\"cz_108163 cz_image clr cz_image_no_fx center_on_mobile\"><div class=\"\" ><div class=\"cz_image_in\"><div class=\"cz_main_image\"><img decoding=\"async\" width=\"150\" height=\"150\" src=\"https:\/\/catram-dz.com\/wp-content\/uploads\/2022\/07\/samsung.png\" class=\"attachment-full\" alt=\"\" title=\"samsung\" \/><\/div><\/div><\/div><\/div><div id=\"cz_23675\" class=\"cz_23675 cz_image clr cz_image_no_fx center_on_mobile\"><div class=\"\" ><div class=\"cz_image_in\"><div class=\"cz_main_image\"><img decoding=\"async\" width=\"150\" height=\"150\" src=\"https:\/\/catram-dz.com\/wp-content\/uploads\/2022\/07\/seat.png\" class=\"attachment-full\" alt=\"\" title=\"seat\" \/><\/div><\/div><\/div><\/div><div id=\"cz_30374\" class=\"cz_30374 cz_image clr cz_image_no_fx center_on_mobile\"><div class=\"\" ><div class=\"cz_image_in\"><div class=\"cz_main_image\"><img decoding=\"async\" width=\"150\" height=\"150\" src=\"https:\/\/catram-dz.com\/wp-content\/uploads\/2022\/07\/siemens.png\" class=\"attachment-full\" alt=\"\" title=\"siemens\" \/><\/div><\/div><\/div><\/div><div id=\"cz_47868\" class=\"cz_47868 cz_image clr cz_image_no_fx center_on_mobile\"><div class=\"\" ><div class=\"cz_image_in\"><div class=\"cz_main_image\"><img decoding=\"async\" width=\"150\" height=\"150\" src=\"https:\/\/catram-dz.com\/wp-content\/uploads\/2022\/07\/tayal.png\" class=\"attachment-full\" alt=\"\" title=\"tayal\" \/><\/div><\/div><\/div><\/div><div id=\"cz_46598\" class=\"cz_46598 cz_image clr cz_image_no_fx center_on_mobile\"><div class=\"\" ><div class=\"cz_image_in\"><div class=\"cz_main_image\"><img decoding=\"async\" width=\"150\" height=\"150\" src=\"https:\/\/catram-dz.com\/wp-content\/uploads\/2022\/07\/tosyali.jpg\" class=\"attachment-full\" alt=\"\" title=\"tosyali\" \/><\/div><\/div><\/div><\/div><div id=\"cz_67357\" class=\"cz_67357 cz_image clr cz_image_no_fx center_on_mobile\"><div class=\"\" ><div class=\"cz_image_in\"><div class=\"cz_main_image\"><img decoding=\"async\" class=\"\" src=\"https:\/\/catram-dz.com\/wp-content\/uploads\/2022\/07\/Volkswagen-100x100.png\" width=\"100\" height=\"100\" alt=\"Volkswagen\" title=\"Volkswagen\" loading=\"lazy\" \/><\/div><\/div><\/div><\/div><\/div><div><\/div>[\/vc_column][\/vc_row]<\/p>\n<\/div>","protected":false},"excerpt":{"rendered":"<p>[vc_row][vc_column][\/vc_column][\/vc_row][vc_row][vc_column width=\u00a0\u00bb1\/4&Prime;][\/vc_column][vc_column width=\u00a0\u00bb1\/4&Prime;][\/vc_column][vc_column width=\u00a0\u00bb1\/4&Prime;][\/vc_column][vc_column width=\u00a0\u00bb1\/4&Prime;][\/vc_column][\/vc_row][vc_row][vc_column width=\u00a0\u00bb1\/3&Prime;][\/vc_column][vc_column width=\u00a0\u00bb1\/3&Prime;][\/vc_column][vc_column width=\u00a0\u00bb1\/3&Prime;][\/vc_column][\/vc_row][vc_row full_width=\u00a0\u00bbstretch_row\u00a0\u00bb parallax=\u00a0\u00bbcontent-moving-fade\u00a0\u00bb parallax_image=\u00a0\u00bb1432&Prime;][vc_column][vc_row_inner][vc_column_inner &#8230; <\/p>\n","protected":false},"author":1,"featured_media":0,"parent":0,"menu_order":0,"comment_status":"closed","ping_status":"closed","template":"","meta":{"footnotes":""},"class_list":["post-883","page","type-page","status-publish","hentry"],"_links":{"self":[{"href":"https:\/\/catram-dz.com\/index.php?rest_route=\/wp\/v2\/pages\/883","targetHints":{"allow":["GET"]}}],"collection":[{"href":"https:\/\/catram-dz.com\/index.php?rest_route=\/wp\/v2\/pages"}],"about":[{"href":"https:\/\/catram-dz.com\/index.php?rest_route=\/wp\/v2\/types\/page"}],"author":[{"embeddable":true,"href":"https:\/\/catram-dz.com\/index.php?rest_route=\/wp\/v2\/users\/1"}],"replies":[{"embeddable":true,"href":"https:\/\/catram-dz.com\/index.php?rest_route=%2Fwp%2Fv2%2Fcomments&post=883"}],"version-history":[{"count":0,"href":"https:\/\/catram-dz.com\/index.php?rest_route=\/wp\/v2\/pages\/883\/revisions"}],"wp:attachment":[{"href":"https:\/\/catram-dz.com\/index.php?rest_route=%2Fwp%2Fv2%2Fmedia&parent=883"}],"curies":[{"name":"wp","href":"https:\/\/api.w.org\/{rel}","templated":true}]}}