{"id":1703,"date":"2022-11-22T10:30:04","date_gmt":"2022-11-22T10:30:04","guid":{"rendered":"https:\/\/carthage-tech.net\/demo\/catram\/?page_id=1703"},"modified":"2022-11-22T10:30:04","modified_gmt":"2022-11-22T10:30:04","slug":"about-us-2","status":"publish","type":"page","link":"https:\/\/catram-dz.com\/?page_id=1703&lang=en","title":{"rendered":"About us"},"content":{"rendered":"<div class=\"wpb-content-wrapper\"><p>[vc_row][vc_column width=\u00a0\u00bb1\/2&Prime;]<div id=\"cz_17242\" class=\"cz_17242 cz_title clr cz_title_pos_inline\"><div class=\"cz_title_content\"><span class=\"cz_line_side_solo\">_<\/span><div class=\"cz_wpe_content\"><h3>PRESENTATION OF THE CATRAM GROUP<\/h3>\n<\/div><\/div><\/div><div class=\"cz_gap clr \" style=\"height: 50px\"><\/div><div id=\"cz_91288\" class=\"cz_91288 cz_title clr cz_title_pos_inline\"><div class=\"cz_title_content\"><div class=\"cz_wpe_content\"><p><strong>CATRAM GROUP<\/strong> is a family business created in 1992 by Mr B. TEITACHE. We have acquired more than 20 years of experience in the field of national and international logistics. Our company is approved by the Algerian customs services which allows it to operate in the field of specialized logistics.<\/p>\n<p>&nbsp;<\/p>\n<p>Our company aims to coordinate all links in the logistics chain, in particular, the organization and management of all arrivals and departures of goods through all ports, airports and land borders.<\/p>\n<p>We work closely with our customers during all goods supply operations in order to control costs and optimize time.<\/p>\n<p>&nbsp;<\/p>\n<p>Our Group is made up of several companies, each specialized in its field, presented as follows:<\/p>\n<ul>\n<li>SARL SUD ENTREPOTS &amp; AUXILIAIRES, logistics platform, located in the Industrial Zone Voie 18 Oued Smar Algiers-Parc \u00e0 Vide: Sud Entrep\u00f4t Oued Smar.<\/li>\n<li>SARL SUD ENTREPOTS &amp; AUXILIAIRES II, logistics platform, located at the Industrial Zone Ilot 3, lot 32 and 33 Ouled Chebel, Birtouta Algiers<\/li>\n<li>SARL SUD ENTREPOT LOGISTIC (Transport and Handling Equipment) Located at rue Mons lot A1 Section 7\/8 Ben Aknoun Algiers<\/li>\n<li>SARL CATRAM LOGISTIC, logistics platform, located in the Industrial Zone Section 7, Ilot 84 and 88 El Kerma Oran<\/li>\n<li>SARL CATRAM LOGISTIC, logistics platform, wilaya Mostaganem<\/li>\n<li>SARL CATRAM LOGISTIC, logistics platform, wilaya R\u00e9lizane<br \/>\nTRANSIT OFFICE, Located at 40 Rue Didouche Mourad, Algiers.<\/li>\n<\/ul>\n<\/div><\/div><\/div>[\/vc_column][vc_column width=\u00a0\u00bb1\/2&Prime;]<div id=\"cz_94202\" class=\"cz_94202 cz_title clr cz_title_pos_inline\"><div class=\"cz_title_content\"><span class=\"cz_line_side_solo\">_<\/span><div class=\"cz_wpe_content\"><h3>CATRAM GROUP MOTTO<\/h3>\n<\/div><\/div><\/div><div class=\"cz_gap clr \" style=\"height: 50px\"><\/div><div id=\"cz_44927\" class=\"cz_44927 cz_title clr cz_title_pos_inline\"><div class=\"cz_title_content\"><div class=\"cz_wpe_content\"><ul>\n<li><strong>VISION OF THE CATRAM GROUP:<\/strong> the extension of our activity throughout the national territory and the development of our logistics platforms with the most sophisticated means in order to meet increasingly demanding demand.<\/li>\n<li><strong>MISSION OF THE CATRAM GROUP:<\/strong> to offer an adapted and tailor-made logistics solution while remaining attentive to the customer.<\/li>\n<li><strong>OBJECTIVE OF THE CATRAM GROUP:<\/strong> to position itself as a leader in logistics solutions throughout the national territory and to consolidate our position at the regional level.\u00a0se positionner en tant que leader de la solution logistique \u00e0 travers tout le territoire national et conforter notre position \u00e0 l\u2019\u00e9chelle r\u00e9gionale.<\/li>\n<\/ul>\n<\/div><\/div><\/div><div class=\"cz_gap clr \" style=\"height: 35px\"><\/div><div id=\"cz_30086\" class=\"cz_30086 cz_image clr cz_image_no_fx center_on_mobile\"><div class=\"\" ><div class=\"cz_image_in\"><div class=\"cz_main_image\"><img decoding=\"async\" width=\"622\" height=\"593\" src=\"https:\/\/catram-dz.com\/wp-content\/uploads\/2022\/07\/algeria-map-outline.png\" class=\"attachment-full\" alt=\"\" title=\"algeria-map-outline\" srcset=\"https:\/\/catram-dz.com\/wp-content\/uploads\/2022\/07\/algeria-map-outline.png 622w, https:\/\/catram-dz.com\/wp-content\/uploads\/2022\/07\/algeria-map-outline-300x286.png 300w, https:\/\/catram-dz.com\/wp-content\/uploads\/2022\/07\/algeria-map-outline-600x572.png 600w\" sizes=\"(max-width: 622px) 100vw, 622px\" \/><\/div><\/div><\/div><\/div><div id=\"cz_35143\" class=\"cz_35143 cz_hotspot\"><div class=\"cz_hotspot_waves\" style=\"animation-duration: 1s\"><div class=\"cz_hotspot_circle\"><i class=\"fa czico-079-pin\"><\/i><\/div><\/div><div class=\"cz_hotspot_content cz_wpe_content cz_hotspot_top\"><p style=\"text-align: center;\"><a href=\"https:\/\/maps.google.com\/?q=36.697853,3.182315\" target=\"_blank\" rel=\"noopener\">GENERAL MANAGEMENT &#8211; ALGIERS<\/a><\/p>\n<\/div><\/div><div id=\"cz_34515\" class=\"cz_34515 cz_hotspot\"><div class=\"cz_hotspot_waves\" style=\"animation-duration: 1s\"><div class=\"cz_hotspot_circle\"><i class=\"fa czico-079-pin\"><\/i><\/div><\/div><div class=\"cz_hotspot_content cz_wpe_content cz_hotspot_top\"><p style=\"text-align: center;\"><a href=\"https:\/\/maps.google.com\/?q=35.605465,-0.575052\" target=\"_blank\" rel=\"noopener\">BRANCH &#8211; ORAN<\/a><\/p>\n<\/div><\/div><div id=\"cz_80245\" class=\"cz_80245 cz_hotspot\"><div class=\"cz_hotspot_waves\" style=\"animation-duration: 1s\"><div class=\"cz_hotspot_circle\"><i class=\"fa czico-079-pin\"><\/i><\/div><\/div><div class=\"cz_hotspot_content cz_wpe_content cz_hotspot_top\"><p style=\"text-align: center;\"><a href=\"https:\/\/maps.google.com\/?q=35.745693,0.062683\" target=\"_blank\" rel=\"noopener\">BRANCH &#8211; MOSTAGANEM<\/a><\/p>\n<\/div><\/div><div id=\"cz_84238\" class=\"cz_84238 cz_hotspot\"><div class=\"cz_hotspot_waves\" style=\"animation-duration: 1s\"><div class=\"cz_hotspot_circle\"><i class=\"fa czico-079-pin\"><\/i><\/div><\/div><div class=\"cz_hotspot_content cz_wpe_content cz_hotspot_top\"><p style=\"text-align: center;\"><a href=\"https:\/\/maps.google.com\/?q=35.931557,0.591989\" target=\"_blank\" rel=\"noopener\">BRANCH &#8211; RELIZANE<\/a><\/p>\n<\/div><\/div>[\/vc_column][\/vc_row][vc_row][vc_column]<div class=\"cz_gap clr \" style=\"height: 50px\"><\/div><div id=\"cz_64654\" class=\"cz_64654 cz_tabs clr cz_tabs_htl\"><div class=\"cz_tabs_content\"><a class=\"cz_tab_a hide\" data-tab=\"cz_46229\" href=\"#\"><i class=\"cz_tab_icon fas fa-star mr8\" style=\"color:#d82f5b;\"><\/i><span class=\"cz_tab_in_title\">Ways Delivery Systems<small>Alger<\/small><\/span><\/a><div id=\"cz_46229\" class=\"cz_tab\"><div>[vc_row_inner][vc_column_inner width=\u00a0\u00bb1\/2&Prime;]<div id=\"cz_53554\" class=\"cz_53554 cz_title clr cz_title_pos_inline\"><div class=\"cz_title_content\"><div class=\"cz_wpe_content\"><p>Alors que le digital explose dans beaucoup de secteurs, le monde de la logistique est encore \u00e0 l\u2019aube de cette r\u00e9volution. <strong>CATRAM vous pr\u00e9sente le nouveau n\u00e9 au sein du groupe.<\/strong><\/p>\n<p>&nbsp;<\/p>\n<p>L\u2019exp\u00e9rience client en p\u00e2tit, alors qu\u2019elle doit \u00eatre mise au c\u0153ur du business.<\/p>\n<p>Ways Delivery Services en a fait son objectif ; d\u00e9velopper de la tech pour rendre la logistique simple et efficace pour tous.<\/p>\n<ul>\n<li>Livraison e-commerce<\/li>\n<li>Livraison Express<\/li>\n<li>Stockage &amp; Entreposage<\/li>\n<li>Location d&rsquo;espace<\/li>\n<li>Livraison courriers<\/li>\n<li>Cash on delivery<\/li>\n<li>Emballage des produits<\/li>\n<\/ul>\n<p align=\"left\">Nos collaborateurs sont \u00e0 votre service \u00e0 tout moment pour vos envois et colis express. Nous vous garantissons fiabilit\u00e9, rapidit\u00e9 et s\u00e9curit\u00e9 avec le meilleur rapport qualit\u00e9-prix du march\u00e9<\/p>\n<p align=\"left\">Ways Delivery Services vous propose une large couverture du territoire national pour vous permettre d\u2019\u00e9largir votre r\u00e9seau de distribution et d\u2019\u00eatre au plus proche de vos clients pour maximiser vos gains (54 wilayas sont desservies)<\/p>\n<\/div><\/div><\/div>[\/vc_column_inner][vc_column_inner width=\u00a0\u00bb1\/2&Prime;]<a href=\"https:\/\/waysdz.net\/\" target=\"_blank\"><div id=\"cz_52999\" class=\"cz_52999 cz_image clr cz_image_no_fx center_on_mobile\"><div class=\"\" ><div class=\"cz_image_in\"><div class=\"cz_main_image\"><img decoding=\"async\" width=\"500\" height=\"707\" src=\"https:\/\/catram-dz.com\/wp-content\/uploads\/2022\/07\/delivery-man-1.png\" class=\"attachment-full\" alt=\"\" title=\"delivery-man-1\" srcset=\"https:\/\/catram-dz.com\/wp-content\/uploads\/2022\/07\/delivery-man-1.png 500w, https:\/\/catram-dz.com\/wp-content\/uploads\/2022\/07\/delivery-man-1-212x300.png 212w\" sizes=\"(max-width: 500px) 100vw, 500px\" \/><\/div><\/div><\/div><\/div><\/a>[\/vc_column_inner][\/vc_row_inner]<\/div><\/div><a class=\"cz_tab_a hide\" data-tab=\"cz_106944\" href=\"#\"><span class=\"cz_tab_in_title\">SARL CATRAM LOGISTIC<small>Alger - Oran - Mostaganem - Relizane<\/small><\/span><\/a><div id=\"cz_106944\" class=\"cz_tab\"><div>[vc_row_inner][vc_column_inner width=\u00a0\u00bb1\/2&Prime;]<div id=\"cz_63269\" class=\"cz_63269 cz_title clr cz_title_pos_inline\"><div class=\"cz_title_content\"><div class=\"cz_wpe_content\"><p><strong>Superficie de l\u2019entrep\u00f4t :<\/strong><\/p>\n<p>La plateforme logistique s\u2019ettend sur une surface de 150 000 M\u00b2, pouvant r\u00e9ceptionner 12000 TIEUS et plus. Elle est am\u00e9nag\u00e9e comme suit :<\/p>\n<ul>\n<li>Deux hangars couverts d\u2019une surface de 2500 m\u00b2 destin\u00e9s au d\u00e9groupage.<\/li>\n<li>Un bloc administratif abritant les bureaux des services des douanes.<\/li>\n<li>Un bloc administratif de l\u2019entreprise.<\/li>\n<li>Une Zone Libre d\u2019une Superficie de 10 000 m\u00b2.<\/li>\n<\/ul>\n<p><strong>Activit\u00e9 Principale :<\/strong><\/p>\n<p>L\u2019objectif principal de La Sarl CATRAM LOGISTIC est de d\u00e9velopper un partenariat \u00e0 long terme sur le<br \/>\nprincipe gagnant-gagnant, bas\u00e9 sur une confiance mutuelle, permettant ainsi, la prise en charge des<br \/>\nop\u00e9rations sp\u00e9cifiques telles que:<\/p>\n<ul>\n<li>Transfert : Port \u2192 Plateforme logistique.<\/li>\n<li>D\u00e9chargement des conteneurs sur site.<\/li>\n<li>Proc\u00e9der aux expertises n\u00e9cessaires.<\/li>\n<li>Mettre \u00e0 disposition tous les moyens de manutention n\u00e9cessaires \u00e0 la visite des conteneurs par les<br \/>\nagents des douanes<\/li>\n<li>Inventaire p\u00e9riodique des marchandises.<\/li>\n<li>Mettre \u00e0 la disposition du client des surfaces n\u00e9cessaires n\u00e9cessaire \u00e0 la r\u00e9ception de tout type de<br \/>\nmarchandises.<\/li>\n<li>Mettre \u00e0 la disposition du Client (Agent Maritime) des locaux pour repr\u00e9sentation.<\/li>\n<li>Assurer le magasinage et le gardiennage de la marchandise.<\/li>\n<li>Livrer la marchandise aux r\u00e9ceptionnaires en \u00e9change de la documentation requise<\/li>\n<li>Prendre en compte les r\u00e9serves \u00e9ventuelles des r\u00e9ceptionnaires et les faire suivre dans les d\u00e9lais<br \/>\nrequis au Client.<\/li>\n<li>Disposer d\u2019une assurance tous risques pour la marchandise au d\u00e9p\u00f4t.<\/li>\n<\/ul>\n<\/div><\/div><\/div>[\/vc_column_inner][vc_column_inner width=\u00a0\u00bb1\/2&Prime;]<div id=\"cz_32973\" class=\"cz_32973 cz_title clr cz_title_pos_inline\"><div class=\"cz_title_content\"><div class=\"cz_wpe_content\"><p><strong>Agr\u00e9ments sp\u00e9cifiques :<\/strong><\/p>\n<p>La plateforme logistique dispose de toutes les autorisations<br \/>\nrequises par la r\u00e9glementation en vigueur, les diff\u00e9rents services sont pr\u00e9sents sur place selon leurs agr\u00e9ments :<\/p>\n<ul>\n<li>Agr\u00e9ment Phytosanitaire.<\/li>\n<li>Agr\u00e9ment V\u00e9t\u00e9rinaire.<\/li>\n<li>Agr\u00e9ment Fraude.<\/li>\n<li>Agr\u00e9ment d\u2019un parc \u00e0 feu d\u2019une Superficie de 5000 m\u00e8tres carr\u00e9s agr\u00e9\u00e9 par le Minist\u00e8re de\u00a0 l\u2019environnement pour les produits dangereux.<\/li>\n<\/ul>\n<p><strong>Moyen de transport, de manutention et \u00e9quipement :<\/strong><\/p>\n<ul>\n<li>Quatre (06) Stackers d\u2019une capacit\u00e9 de 45 tonnes.<\/li>\n<li>Un (01) Chariot \u00e9l\u00e9vateur de 28 tonnes.<\/li>\n<li>Un (01) Chariot \u00e9l\u00e9vateur de 07 tonnes.<\/li>\n<li>Deux (03) Chariots \u00e9l\u00e9vateurs de 2,5 tonnes.<\/li>\n<li>Un pont Bascule d\u2019une capacit\u00e9 de 60 tonnes.<\/li>\n<li>Un tracteur Maf\u00e9 avec remorque.<\/li>\n<li>Un espace pour branchement de 160 conteneurs r\u00e9frig\u00e9r\u00e9s avec une surveillance continue.<\/li>\n<li>Trois groupes \u00e9lectrog\u00e8nes de : 650KVA, 475 KVA, 415 KVA.<\/li>\n<li>Un scanner Fixe d\u2019une grande performance optimale et muni des autorisations administratives requises.<\/li>\n<\/ul>\n<p>Ajout\u00e9 \u00e0 cela, le transfert de la marchandise par des transporteurs professionnels, qui sont li\u00e9 \u00e0 notre soci\u00e9t\u00e9 par des conventions.<br \/>\nLa S\u00e9curit\u00e9 du site est \u00e9quip\u00e9e par un r\u00e9seau de t\u00e9l\u00e9surveillance, assur\u00e9 par un personnel de s\u00e9curit\u00e9 qualifi\u00e9, d\u2019un r\u00e9seau sophistiqu\u00e9 de lutte contre les incendies et un \u00e9clairage \u00e0 grande capacit\u00e9 couvrant<br \/>\nl\u2019int\u00e9gralit\u00e9 du site.<\/p>\n<\/div><\/div><\/div>[\/vc_column_inner][\/vc_row_inner]<\/div><\/div><a class=\"cz_tab_a hide\" data-tab=\"cz_56030\" href=\"#\"><span class=\"cz_tab_in_title\">Sud entrep\u00f4t &amp; auxiliaires<small>Birtouta<\/small><\/span><\/a><div id=\"cz_56030\" class=\"cz_tab\"><div>[vc_row_inner][vc_column_inner width=\u00a0\u00bb1\/2&Prime;]<div id=\"cz_55920\" class=\"cz_55920 cz_title clr cz_title_pos_inline\"><div class=\"cz_title_content\"><div class=\"cz_wpe_content\"><p><strong>Superficie du Port Sec :<\/strong><\/p>\n<p>La plateforme logistique est r\u00e9alis\u00e9e sur une surface globale de 30 000 m\u00e8tres carr\u00e9s, pouvant r\u00e9ceptionner 2800 TIEUS et plus dont :<\/p>\n<ul>\n<li>Un hangar couvert de 3000 m\u00e8tres carr\u00e9s destin\u00e9s au d\u00e9groupage.<\/li>\n<li>Un bloc administratif abrite les bureaux des services douanes<\/li>\n<li>Un bloc administratif d\u00e9di\u00e9 \u00e0 l\u2019entreprise.<\/li>\n<\/ul>\n<p><strong>Activit\u00e9 Principale :<\/strong><\/p>\n<p>L\u2019objectif principal La Sarl Sud Entrep\u00f4ts &amp; Auxiliaires II est de d\u00e9velopper un partenariat \u00e0 long terme sur le principe gagnant-gagnant, bas\u00e9 sur une confiance mutuelle, permettant ainsi, la prise en charge des op\u00e9rations sp\u00e9cifiques telles que:<\/p>\n<ul>\n<li>Transfert : Port<\/li>\n<li>Plateforme logistique.<\/li>\n<li>D\u00e9chargement des conteneurs sur site.<\/li>\n<li>Proc\u00e9der aux expertises n\u00e9cessaires.<\/li>\n<li>Mettre \u00e0 disposition tous les moyens de manutention n\u00e9cessaires \u00e0 la visite des conteneurs par les agents des douanes<\/li>\n<li>Inventaire p\u00e9riodique des marchandises.<\/li>\n<li>Mettre \u00e0 la disposition du client des surfaces n\u00e9cessaires n\u00e9cessaire \u00e0 la r\u00e9ception de tout type de marchandises.<\/li>\n<li>Mettre \u00e0 la disposition du Client (Agent Maritime) des locaux pour repr\u00e9sentation.<\/li>\n<li>Assurer le magasinage et le gardiennage de la marchandise.<\/li>\n<li>Livrer la marchandise aux r\u00e9ceptionnaires en \u00e9change de la documentation requise<\/li>\n<li>Prendre en compte les r\u00e9serves \u00e9ventuelles des r\u00e9ceptionnaires et les faire suivre dans les d\u00e9lais requis au Client.<\/li>\n<li>Disposer d\u2019une assurance tous risques pour la marchandise au d\u00e9p\u00f4t.<\/li>\n<\/ul>\n<\/div><\/div><\/div>[\/vc_column_inner][vc_column_inner width=\u00a0\u00bb1\/2&Prime;]<div id=\"cz_51545\" class=\"cz_51545 cz_title clr cz_title_pos_inline\"><div class=\"cz_title_content\"><div class=\"cz_wpe_content\"><p><strong>Agr\u00e9ments sp\u00e9cifiques :<\/strong><\/p>\n<p>La plateforme logistique dispose de toutes les autorisations<br \/>\nrequises par la r\u00e9glementation en vigueur et les diff\u00e9rents<br \/>\nservices sont pr\u00e9sents sur place :<\/p>\n<ul>\n<li>Agr\u00e9ment Phytosanitaire.<\/li>\n<li>Agr\u00e9ment V\u00e9t\u00e9rinaire.<\/li>\n<li>Agr\u00e9ment Fraude.<\/li>\n<li>Agr\u00e9ment d\u2019un parc \u00e0 feu agr\u00e9\u00e9 par le Minist\u00e8re<br \/>\nl\u2019environnement pour les produits dangereux.<\/li>\n<\/ul>\n<p><strong>Moyen de transport et de Manutention :<\/strong><\/p>\n<p>Notre plateforme logistique dispose des moyens suivants:<\/p>\n<ul>\n<li>Quatre (04) Stackers d\u2019une capacit\u00e9 de 45 tonnes.<\/li>\n<li>Un (01) Chariot \u00e9l\u00e9vateur de 28 tonnes<\/li>\n<li>Un (01) Chariot \u00e9l\u00e9vateur de 07 tonnes.<\/li>\n<li>Deux (02) Chariots \u00e9l\u00e9vateurs de 2,5 tonnes.<\/li>\n<li>Une balance d\u2019une capacit\u00e9 de 60 tonnes.<\/li>\n<li>Une nacelle.<\/li>\n<li>Un espace pour le branchement de 120 conteneurs r\u00e9frig\u00e9r\u00e9s.<\/li>\n<li>Un groupe \u00e9lectrog\u00e8ne de 167 KVA<\/li>\n<li>Un scanner mobile nouvelle g\u00e9n\u00e9ration mis \u00e0 la disposition des services des douanes pour les besoins de celles-ci.<\/li>\n<\/ul>\n<p>Ajout\u00e9 \u00e0 cela, le transfert des marchandises est assur\u00e9 par des<br \/>\ntransporteurs professionnels, avec lesquels nous collaborons.<\/p>\n<\/div><\/div><\/div>[\/vc_column_inner][\/vc_row_inner]<\/div><\/div><a class=\"cz_tab_a hide\" data-tab=\"cz_99041\" href=\"#\"><span class=\"cz_tab_in_title\">Sud entrep\u00f4t &amp; auxiliaires<small>Oued Smar<\/small><\/span><\/a><div id=\"cz_99041\" class=\"cz_tab\"><div>[vc_row_inner][vc_column_inner width=\u00a0\u00bb1\/2&Prime;]<div id=\"cz_74688\" class=\"cz_74688 cz_title clr cz_title_pos_inline\"><div class=\"cz_title_content\"><div class=\"cz_wpe_content\"><p><strong>Superficie de l\u2019entrep\u00f4t :<\/strong><\/p>\n<p>La surface totale de l\u2019entrep\u00f4t est de 6000 M\u00b2 dont 1500 M\u00b2 de magasin couvert, ainsi qu\u2019une zone libre (bureaux et parking pour nos clients).<\/p>\n<p><strong>Activit\u00e9 Principale :<\/strong><\/p>\n<p>La Sarl Sud Entrep\u00f4ts &amp; Auxiliaires, de par sa vocation, assure le transfert, en DSTR, O.T, D15, AT etc\u2026, \u00e0 travers tout le territoire national des conteneurs Pleins\/scell\u00e9s pr\u00e9venants des ports et A\u00e9roports.<br \/>\nTout en assurant durant tout le s\u00e9jour un gardiennage des plus rigoureux et un service optimum.<\/p>\n<p><strong>Moyen de transport et de Manutention :<\/strong><\/p>\n<p>L\u2019ensemble de ces activit\u00e9s est renforc\u00e9 par les moyens<br \/>\nsuivants :<\/p>\n<ul>\n<li>10 camions tracteurs.<\/li>\n<li>10 Remorques.<\/li>\n<li>02 Engins de manutention (Stacker).<\/li>\n<li>03 Clarks de diff\u00e9rentes capacit\u00e9s.<\/li>\n<\/ul>\n<\/div><\/div><\/div>[\/vc_column_inner][vc_column_inner width=\u00a0\u00bb1\/2&Prime;]<div id=\"cz_79012\" class=\"cz_79012 cz_title clr cz_title_pos_inline\"><div class=\"cz_title_content\"><div class=\"cz_wpe_content\"><p><strong>Agr\u00e9ments sp\u00e9cifiques :<\/strong><\/p>\n<p>L\u2019entrep\u00f4t Sous Douanes dispose de toutes les autorisations requises par la r\u00e9glementation en vigueur relative \u00e0 la gestion d\u2019un entrep\u00f4t tel que :<\/p>\n<ul>\n<li>Agr\u00e9ment Phytosanitaire.<\/li>\n<li>Agr\u00e9ment V\u00e9t\u00e9rinaire.<\/li>\n<li>Agr\u00e9ment Fraude.<\/li>\n<\/ul>\n<p>Permettant ainsi, la prise en charge d\u2019un large \u00e9ventail de cargaison dont :<\/p>\n<ul>\n<li>Entreposage et magasinage en zone couverte (Magasin).<\/li>\n<li>Prise en charge des conteneurs frigorifiques (Reefer)-<br \/>\nBranchement et contr\u00f4le continu des temp\u00e9ratures.<\/li>\n<li>Mise \u00e0 disposition d\u2019une aire d\u00e9di\u00e9e au parc roulant en attente de d\u00e9douanement (v\u00e9hicules divers, engins,<br \/>\nremorques).<\/li>\n<li>Les conteneurs dry transportant de la marchandise<br \/>\ndiverse.<\/li>\n<li>Groupage et d\u00e9groupage.<\/li>\n<\/ul>\n<\/div><\/div><\/div>[\/vc_column_inner][\/vc_row_inner]<\/div><\/div><\/div><\/div>[\/vc_column][\/vc_row]<\/p>\n<\/div>","protected":false},"excerpt":{"rendered":"<p>[vc_row][vc_column width=\u00a0\u00bb1\/2&Prime;][\/vc_column][vc_column width=\u00a0\u00bb1\/2&Prime;][\/vc_column][\/vc_row][vc_row][vc_column][\/vc_column][\/vc_row] &#8230; <\/p>\n","protected":false},"author":1,"featured_media":0,"parent":0,"menu_order":0,"comment_status":"closed","ping_status":"closed","template":"","meta":{"footnotes":""},"class_list":["post-1703","page","type-page","status-publish","hentry"],"_links":{"self":[{"href":"https:\/\/catram-dz.com\/index.php?rest_route=\/wp\/v2\/pages\/1703","targetHints":{"allow":["GET"]}}],"collection":[{"href":"https:\/\/catram-dz.com\/index.php?rest_route=\/wp\/v2\/pages"}],"about":[{"href":"https:\/\/catram-dz.com\/index.php?rest_route=\/wp\/v2\/types\/page"}],"author":[{"embeddable":true,"href":"https:\/\/catram-dz.com\/index.php?rest_route=\/wp\/v2\/users\/1"}],"replies":[{"embeddable":true,"href":"https:\/\/catram-dz.com\/index.php?rest_route=%2Fwp%2Fv2%2Fcomments&post=1703"}],"version-history":[{"count":0,"href":"https:\/\/catram-dz.com\/index.php?rest_route=\/wp\/v2\/pages\/1703\/revisions"}],"wp:attachment":[{"href":"https:\/\/catram-dz.com\/index.php?rest_route=%2Fwp%2Fv2%2Fmedia&parent=1703"}],"curies":[{"name":"wp","href":"https:\/\/api.w.org\/{rel}","templated":true}]}}