{"id":17,"date":"2018-05-29T11:14:04","date_gmt":"2018-05-29T11:14:04","guid":{"rendered":"http:\/\/xtratheme.com\/default\/?page_id=17"},"modified":"2018-05-29T11:14:04","modified_gmt":"2018-05-29T11:14:04","slug":"contact","status":"publish","type":"page","link":"https:\/\/catram-dz.com\/?page_id=17","title":{"rendered":"Contact"},"content":{"rendered":"<div class=\"wpb-content-wrapper\"><p>[vc_row][vc_column]<div class=\"cz_gap clr  hide_on_mobile\" style=\"height: 90px\"><\/div><div class=\"cz_gap show_on_mobile clr\" style=\"height: 60px\"><\/div>[\/vc_column][\/vc_row][vc_row][vc_column offset=\u00a0\u00bbvc_col-md-4&Prime;]<a href=\"tel:+21321642900\"><div id=\"cz_109195\" class=\"cz_109195 services clr style1 cz_sbi_fx_9 left\"><div class=\"service_custom\"><i class=\"fa czico-092-phone-call-1\"><\/i><\/div><div class=\"service_text\"><h3>T\u00e9l\u00e9phone<\/h3><div class=\"cz_wpe_content\"><span style=\"font-size: 20px; color: #666666;\">+213 (0) 21 64 29 00 \/ 05<\/span><\/div><\/div><\/div><\/a>[\/vc_column][vc_column offset=\u00a0\u00bbvc_col-md-4&Prime;]<a href=\"mailto:contact@catram-dz.com\"><div id=\"cz_32957\" class=\"cz_32957 services clr style1 cz_sbi_fx_9 left\"><div class=\"service_custom\"><i class=\"fas fa-envelope-open-text\"><\/i><\/div><div class=\"service_text\"><h3>Email<\/h3><div class=\"cz_wpe_content\"><span style=\"font-size: 20px; color: #666666;\">contact@catram-dz.com<\/span><\/div><\/div><\/div><\/a>[\/vc_column][vc_column offset=\u00a0\u00bbvc_col-md-4&Prime;]<a href=\"https:\/\/goo.gl\/maps\/4fEVvcbaNn9r3zfB9\" target=\"_blank\"><div id=\"cz_16543\" class=\"cz_16543 services clr style1 cz_sbi_fx_9 left\"><div class=\"service_custom\"><i class=\"fa czico-083-placeholder-1\"><\/i><\/div><div class=\"service_text\"><h3>Adresse<\/h3><div class=\"cz_wpe_content\"><span style=\"font-size: 20px; color: #666666;\">40, Rue Didouche Mourad &#8211; Alger &#8211; Alg\u00e9rie <\/span><\/div><\/div><\/div><\/a>[\/vc_column][\/vc_row][vc_row][vc_column]<div class=\"cz_gap clr  hide_on_mobile\" style=\"height: 70px\"><\/div><div class=\"cz_gap show_on_mobile clr\" style=\"height: 50px\"><\/div><div id=\"cz_22616\" class=\"cz_22616 gmap\" data-api-key=\"AIzaSyAFGoj0Yp46lpPaGbCQUSpVrF9GOiK6xbk\"> <\/div><div ><\/div><script>\n\t\t\tfunction mapfucntion_cz_22616() {\n\n\t\t\t\tgoogle.maps.Map.prototype.setCenterWithOffset= function(latlng, offsetX, offsetY) {\n\t\t\t\t    var map = this;\n\t\t\t\t    var ov = new google.maps.OverlayView();\n\t\t\t\t    ov.onAdd = function() {\n\t\t\t\t        var proj = this.getProjection();\n\t\t\t\t        var aPoint = proj.fromLatLngToContainerPixel(latlng);\n\t\t\t\t        aPoint.x = aPoint.x+offsetX;\n\t\t\t\t        aPoint.y = aPoint.y+offsetY;\n\t\t\t\t        map.setCenter(proj.fromContainerPixelToLatLng(aPoint));\n\t\t\t\t    }; \n\t\t\t\t    ov.draw = function() {}; \n\t\t\t\t    ov.setMap(this); \n\t\t\t\t};\n\n\t\t\t\tvar windx = jQuery(window), \n\n\t\t\t\t\tlatlng = new google.maps.LatLng(36.76726, 3.0510297),\n\n\t\t\t\t\tmyOptions = {\n\t\t\t\t\t\tzoom: 14,\n\t\t\t\t\t\tscrollwheel: false,\n\t\t\t\t\t\tdisableDefaultUI: false,\n\t\t\t\t\t\tcenter: latlng\n\t\t\t\t\t},\n\n\t\t\t\t\tcz_22616 = new google.maps.Map(document.getElementById(\"cz_22616\"),\n\t\t\t\t\tmyOptions),\n\n\t\t\t\t\tsetCenterOffset = function() {\n\n\t\t\t\t\t\tif ( windx.width() < 768 ) {\n\t\t\t\t\t\t\tcz_22616.setCenterWithOffset( latlng, 0, 0 );\n\t\t\t\t\t\t} else {\n\t\t\t\t\t\t\tcz_22616.setCenterWithOffset( latlng, 0, 0 );\n\t\t\t\t\t\t}\n\n\t\t\t\t\t};\n\n\t\t\t\tsetCenterOffset();\n\n\t\t\t\twindx.on( \"resize\", function() {\n\t\t\t\t\tsetCenterOffset();\n\t\t\t\t});\n\t\t\tvar styles = [{\"elementType\": \"geometry\",\"stylers\": [{\"color\": \"#f5f5f5\"}]},{\"elementType\": \"labels.icon\",\"stylers\": [{\"visibility\": \"off\"}]},{\"elementType\": \"labels.text.fill\",\"stylers\": [{\"color\": \"#616161\"}]},{\"elementType\": \"labels.text.stroke\",\"stylers\": [{\"color\": \"#f5f5f5\"}]},{\"featureType\": \"administrative.land_parcel\",\"elementType\": \"labels\",\"stylers\": [{\"visibility\": \"off\"}]},{\"featureType\": \"administrative.land_parcel\",\"elementType\": \"labels.text.fill\",\"stylers\": [{\"color\": \"#bdbdbd\"}]},{\"featureType\": \"poi\",\"elementType\": \"geometry\",\"stylers\": [{\"color\": \"#eeeeee\"}]},{\"featureType\": \"poi\",\"elementType\": \"labels.text\",\"stylers\": [{\"visibility\": \"off\"}]},{\"featureType\": \"poi\",\"elementType\": \"labels.text.fill\",\"stylers\": [{\"color\": \"#757575\"}]},{\"featureType\": \"poi.park\",\"elementType\": \"geometry\",\"stylers\": [{\"color\": \"#e5e5e5\"}]},{\"featureType\": \"poi.park\",\"elementType\": \"labels.text.fill\",\"stylers\": [{\"color\": \"#9e9e9e\"}]},{\"featureType\": \"road\",\"elementType\": \"geometry\",\"stylers\": [{\"color\": \"#ffffff\"}]},{\"featureType\": \"road.arterial\",\"elementType\": \"labels.text.fill\",\"stylers\": [{\"color\": \"#757575\"}]},{\"featureType\": \"road.highway\",\"elementType\": \"geometry\",\"stylers\": [{\"color\": \"#dadada\"}]},{\"featureType\": \"road.highway\",\"elementType\": \"labels.text.fill\",\"stylers\": [{\"color\": \"#616161\"}]},{\"featureType\": \"road.local\",\"elementType\": \"labels\",\"stylers\": [{\"visibility\": \"off\"}]},{\"featureType\": \"road.local\",\"elementType\": \"labels.text.fill\",\"stylers\": [{\"color\": \"#9e9e9e\"}]},{\"featureType\": \"transit.line\",\"elementType\": \"geometry\",\"stylers\": [{\"color\": \"#e5e5e5\"}]},{\"featureType\": \"transit.station\",\"elementType\": \"geometry\",\"stylers\": [{\"color\": \"#eeeeee\"}]},{\"featureType\": \"water\",\"elementType\": \"geometry\",\"stylers\": [{\"color\": \"#c9c9c9\"}]},{\"featureType\": \"water\",\"elementType\": \"labels.text.fill\",\"stylers\": [{\"color\": \"#9e9e9e\"}]}];var styledMap = new google.maps.StyledMapType(styles,{name: \"Styled Map\"});cz_22616.mapTypes.set(\"map_style\", styledMap);  cz_22616.setMapTypeId(\"map_style\");var image = \"https:\/\/catram-dz.com\/wp-content\/uploads\/2019\/10\/map.png\";var marker = new google.maps.Marker({map: cz_22616,icon: image,position: cz_22616.getCenter()});\n\t\t\tvar contentString = '<div class=\"infowindow\" style=\"white-space:nowrap\">Factory WordPress Theme<\/div>';\n\t\t\tvar infowindow = new google.maps.InfoWindow({\n\t\t\t\tcontent: contentString\n\t\t\t});\n\t\t\t\t\t\t\n\t\t\tgoogle.maps.event.addListener(marker, 'click', function() {\n\t\t\t  infowindow.open(cz_22616,marker);\n\t\t\t});\n\t\t\t}<\/script>[\/vc_column][\/vc_row][vc_row][vc_column]<div id=\"cz_59207\" class=\"cz_59207 cz_social_icons cz_social clr cz_social_fx_0 tac cz_tooltip cz_tooltip_down\"><a href=\"https:\/\/goo.gl\/maps\/x6PpJCrZq5t8ZhCD6\" class=\"cz-map-marked-alt\" target=\"_blank\" rel=\"noopener noreferrer\" data-title=\"Z\u00f4ne Industrielle Larbaatache - Boumedes\" aria-label=\"Z\u00f4ne Industrielle Larbaatache - Boumedes\"><i class=\"fas fa-map-marked-alt\"><\/i><\/a><a href=\"https:\/\/goo.gl\/maps\/mVckV3LL1muM4dv98\" class=\"cz-map-marked-alt\" target=\"_blank\" rel=\"noopener noreferrer\" data-title=\"Z\u00f4ne Industrielle Bordjia - Mostaganem\" aria-label=\"Z\u00f4ne Industrielle Bordjia - Mostaganem\"><i class=\"fas fa-map-marked-alt\"><\/i><\/a><a href=\"https:\/\/goo.gl\/maps\/WcHEn3mFVdcqrtoUA\" class=\"cz-map-marked-alt\" target=\"_blank\" rel=\"noopener noreferrer\" data-title=\"Z\u00f4ne Industrielle El Karma 1 - Oran\" aria-label=\"Z\u00f4ne Industrielle El Karma 1 - Oran\"><i class=\"fas fa-map-marked-alt\"><\/i><\/a><a href=\"https:\/\/goo.gl\/maps\/KWTdamPCQjTq8cDy7\" class=\"cz-map-marked-alt\" target=\"_blank\" rel=\"noopener noreferrer\" data-title=\"Z\u00f4ne Industrielle El Karma 2 - Oran\" aria-label=\"Z\u00f4ne Industrielle El Karma 2 - Oran\"><i class=\"fas fa-map-marked-alt\"><\/i><\/a><a href=\"https:\/\/goo.gl\/maps\/B7BhBYLL7TNVNPGL8\" class=\"cz-map-marked-alt\" target=\"_blank\" rel=\"noopener noreferrer\" data-title=\"Z\u00f4ne Industrielle Sidi Khattab - Rilizane\" aria-label=\"Z\u00f4ne Industrielle Sidi Khattab - Rilizane\"><i class=\"fas fa-map-marked-alt\"><\/i><\/a><\/div><div class=\"cz_gap clr  hide_on_mobile\" style=\"height: 110px\"><\/div><div class=\"cz_gap show_on_mobile clr\" style=\"height: 50px\"><\/div>[\/vc_column][\/vc_row][vc_row css=\u00a0\u00bb.vc_custom_1497126171788{background-position: center !important;background-repeat: no-repeat !important;background-size: cover !important;}\u00a0\u00bb][vc_column width=\u00a0\u00bb1\/2&Prime; css=\u00a0\u00bb.vc_custom_1536986800152{padding-right: 20px !important;}\u00a0\u00bb]<div id=\"cz_66743\" class=\"cz_66743 cz_title clr cz_mobile_text_center cz_title_pos_inline\"><div class=\"cz_title_content\"><div class=\"cz_wpe_content\"><h2>CONTACTEZ-NOUS<\/h2>\n<\/div><\/div><\/div><div class=\"cz_gap clr \" style=\"height: 30px\"><\/div><div id=\"cz_15273\" class=\"cz_15273 cz_title clr cz_mobile_text_center cz_title_pos_inline\"><div class=\"cz_title_content\"><div class=\"cz_wpe_content\"><p><span style=\"font-size: 20px; color: #666666;\">Toute l&rsquo;\u00e9quipe CATRAM est \u00e0 votre disposition pour vous aider au mieux possible pour r\u00e9ussir votre business. N&rsquo;h\u00e9sitez pas \u00e0 nous contacter, un conseiller va r\u00e9pondre dans les plus br\u00e8ves d\u00e9lais.<br \/>\n<\/span><\/p>\n<\/div><\/div><\/div>[\/vc_column][vc_column width=\u00a0\u00bb1\/2&Prime; css=\u00a0\u00bb.vc_custom_1536986806884{padding-right: 20px !important;padding-left: 20px !important;}\u00a0\u00bb]<div id=\"cz_62894\" class=\"cz_62894 cz_cf7 clr\"><div>\n<div class=\"wpcf7 no-js\" id=\"wpcf7-f1698-o1\" lang=\"en-US\" dir=\"ltr\">\n<div class=\"screen-reader-response\"><p role=\"status\" aria-live=\"polite\" aria-atomic=\"true\"><\/p> <ul><\/ul><\/div>\n<form action=\"\/index.php?rest_route=%2Fwp%2Fv2%2Fpages%2F17#wpcf7-f1698-o1\" method=\"post\" class=\"wpcf7-form init\" aria-label=\"Contact form\" novalidate=\"novalidate\" data-status=\"init\">\n<div style=\"display: none;\">\n<input type=\"hidden\" name=\"_wpcf7\" value=\"1698\" \/>\n<input type=\"hidden\" name=\"_wpcf7_version\" value=\"5.9.4\" \/>\n<input type=\"hidden\" name=\"_wpcf7_locale\" value=\"en_US\" \/>\n<input type=\"hidden\" name=\"_wpcf7_unit_tag\" value=\"wpcf7-f1698-o1\" \/>\n<input type=\"hidden\" name=\"_wpcf7_container_post\" value=\"0\" \/>\n<input type=\"hidden\" name=\"_wpcf7_posted_data_hash\" value=\"\" \/>\n<\/div>\n<p><span class=\"wpcf7-form-control-wrap\" data-name=\"your-name\"><input size=\"40\" class=\"wpcf7-form-control wpcf7-text wpcf7-validates-as-required\" aria-required=\"true\" aria-invalid=\"false\" placeholder=\"Votre Nom (*)\" value=\"\" type=\"text\" name=\"your-name\" \/><\/span>\n<\/p>\n<p><span class=\"wpcf7-form-control-wrap\" data-name=\"your-email\"><input size=\"40\" class=\"wpcf7-form-control wpcf7-email wpcf7-validates-as-required wpcf7-text wpcf7-validates-as-email\" aria-required=\"true\" aria-invalid=\"false\" placeholder=\"Votre Email (*)\" value=\"\" type=\"email\" name=\"your-email\" \/><\/span>\n<\/p>\n<p><span class=\"wpcf7-form-control-wrap\" data-name=\"your-subject\"><input size=\"40\" class=\"wpcf7-form-control wpcf7-text\" aria-invalid=\"false\" placeholder=\"Sujet\" value=\"\" type=\"text\" name=\"your-subject\" \/><\/span>\n<\/p>\n<p><span class=\"wpcf7-form-control-wrap\" data-name=\"menu-178\"><select class=\"wpcf7-form-control wpcf7-select\" aria-invalid=\"false\" name=\"menu-178\"><option value=\"Service Commercial\">Service Commercial<\/option><option value=\"Ressources Humaines\">Ressources Humaines<\/option><option value=\"Service Support\">Service Support<\/option><option value=\"Autres\">Autres<\/option><\/select><\/span>\n<\/p>\n<p><span class=\"wpcf7-form-control-wrap\" data-name=\"your-message\"><textarea cols=\"40\" rows=\"10\" class=\"wpcf7-form-control wpcf7-textarea\" aria-invalid=\"false\" placeholder=\"Votre Message\" name=\"your-message\"><\/textarea><\/span>\n<\/p>\n<p><input class=\"wpcf7-form-control wpcf7-submit has-spinner\" type=\"submit\" value=\"Envoyer\" \/>\n<\/p><div class=\"wpcf7-response-output\" aria-hidden=\"true\"><\/div>\n<\/form>\n<\/div>\n<\/div><\/div>[\/vc_column][\/vc_row]<\/p>\n<\/div>","protected":false},"excerpt":{"rendered":"<p>[vc_row][vc_column][\/vc_column][\/vc_row][vc_row][vc_column offset=\u00a0\u00bbvc_col-md-4&Prime;][\/vc_column][vc_column offset=\u00a0\u00bbvc_col-md-4&Prime;][\/vc_column][vc_column offset=\u00a0\u00bbvc_col-md-4&Prime;][\/vc_column][\/vc_row][vc_row][vc_column][\/vc_column][\/vc_row][vc_row][vc_column][\/vc_column][\/vc_row][vc_row css=\u00a0\u00bb.vc_custom_1497126171788{background-position: center !important;background-repeat: no-repeat !important;background-size: cover !important;}\u00a0\u00bb][vc_column &#8230; <\/p>\n","protected":false},"author":1,"featured_media":0,"parent":0,"menu_order":0,"comment_status":"closed","ping_status":"closed","template":"","meta":{"footnotes":""},"class_list":["post-17","page","type-page","status-publish","hentry"],"_links":{"self":[{"href":"https:\/\/catram-dz.com\/index.php?rest_route=\/wp\/v2\/pages\/17","targetHints":{"allow":["GET"]}}],"collection":[{"href":"https:\/\/catram-dz.com\/index.php?rest_route=\/wp\/v2\/pages"}],"about":[{"href":"https:\/\/catram-dz.com\/index.php?rest_route=\/wp\/v2\/types\/page"}],"author":[{"embeddable":true,"href":"https:\/\/catram-dz.com\/index.php?rest_route=\/wp\/v2\/users\/1"}],"replies":[{"embeddable":true,"href":"https:\/\/catram-dz.com\/index.php?rest_route=%2Fwp%2Fv2%2Fcomments&post=17"}],"version-history":[{"count":0,"href":"https:\/\/catram-dz.com\/index.php?rest_route=\/wp\/v2\/pages\/17\/revisions"}],"wp:attachment":[{"href":"https:\/\/catram-dz.com\/index.php?rest_route=%2Fwp%2Fv2%2Fmedia&parent=17"}],"curies":[{"name":"wp","href":"https:\/\/api.w.org\/{rel}","templated":true}]}}