{"id":1688,"date":"2022-11-20T15:13:48","date_gmt":"2022-11-20T15:13:48","guid":{"rendered":"https:\/\/carthage-tech.net\/demo\/catram\/?page_id=1688"},"modified":"2022-11-20T15:13:48","modified_gmt":"2022-11-20T15:13:48","slug":"produits-manufactures","status":"publish","type":"page","link":"https:\/\/catram-dz.com\/?page_id=1688","title":{"rendered":"Produits manufactur\u00e9s"},"content":{"rendered":"<div class=\"wpb-content-wrapper\"><p>[vc_row][vc_column width=\u00a0\u00bb1\/2&Prime;]<div id=\"cz_88382\" class=\"cz_88382 cz_title clr cz_title_pos_inline\"><div class=\"cz_title_content\"><div class=\"cz_wpe_content\"><div id=\"cz_lmyouzk5y\" class=\"cz_tab\">\n<div>\n<div id=\"cz_22018\" class=\"cz_22018 cz_title clr cz_title_pos_inline\">\n<div class=\"cz_title_content\">\n<div class=\"cz_wpe_content\">\n<p><strong>UNE LOGISTIQUE RATIONALIS\u00c9E CONSTITUE UN AVANTAGE COMP\u00c9TITIF<\/strong><\/p>\n<p>&nbsp;<\/p>\n<p>Les organisations de productions actuelles sont devenues complexes et \u00e0 forte intensit\u00e9 de capital. Par ailleurs, les acteurs du secteur diversifient leurs approvisionnements avec de nouveaux fournisseurs agr\u00e9\u00e9s dans le monde. Ils doivent repenser leurs processus logistiques afin de r\u00e9duire les co\u00fbts, tout en assurant la continuit\u00e9 de la production. L\u2019approvisionnement \u00e0 l\u2019\u00e9tranger n\u00e9cessite la synchronisation de diff\u00e9rents fournisseurs dans une logique de livraison juste \u00e0 temps et de fabrication \u00e0 la demande. Les march\u00e9s volatiles du fret et les r\u00e9glementations douani\u00e8res complexes sont des contraintes suppl\u00e9mentaires lors de la conception de sch\u00e9mas supply chain fiables.<\/p>\n<p>&nbsp;<\/p>\n<p><strong>UNE GAMME COMPL\u00c8TE DE SERVICES AMONT ET AVAL<\/strong><\/p>\n<p>&nbsp;<\/p>\n<p><strong>Logistique amont<\/strong><\/p>\n<ul>\n<li>Gestion des commandes<\/li>\n<li>Gestion des fournisseurs<\/li>\n<li>Consolidation<\/li>\n<li>Services \u00e0 valeur ajout\u00e9e pour le conditionnement, l\u2019assemblage l\u00e9ger et le contr\u00f4le qualit\u00e9<\/li>\n<\/ul>\n<p>&nbsp;<\/p>\n<p><strong>Logistique aval et des pi\u00e8ces de rechange<\/strong><\/p>\n<ul>\n<li>Entreposage &amp; r\u00e9approvisionnement<\/li>\n<li>Chargements hors gabarit et logistique de projets<\/li>\n<li>Approvisionnement des distributeurs et livraison \u201cdernier kilom\u00e8tre\u201d<\/li>\n<li>Logistique des retours pour maintenance, r\u00e9paration ou recyclage<\/li>\n<\/ul>\n<\/div>\n<\/div>\n<\/div>\n<\/div>\n<\/div>\n<\/div><\/div><\/div>[\/vc_column][vc_column width=\u00a0\u00bb1\/2&Prime;]<div id=\"cz_47559\" class=\"cz_47559 cz_image clr cz_image_no_fx center_on_mobile\"><div class=\"\" ><div class=\"cz_image_in\"><div class=\"cz_main_image\"><img decoding=\"async\" width=\"612\" height=\"996\" src=\"https:\/\/catram-dz.com\/wp-content\/uploads\/2022\/11\/spare.jpg\" class=\"attachment-full\" alt=\"\" title=\"spare\" srcset=\"https:\/\/catram-dz.com\/wp-content\/uploads\/2022\/11\/spare.jpg 612w, https:\/\/catram-dz.com\/wp-content\/uploads\/2022\/11\/spare-184x300.jpg 184w, https:\/\/catram-dz.com\/wp-content\/uploads\/2022\/11\/spare-600x976.jpg 600w\" sizes=\"(max-width: 612px) 100vw, 612px\" \/><\/div><\/div><\/div><\/div>[\/vc_column][\/vc_row]<\/p>\n<\/div>","protected":false},"excerpt":{"rendered":"<p>[vc_row][vc_column width=\u00a0\u00bb1\/2&Prime;][\/vc_column][vc_column width=\u00a0\u00bb1\/2&Prime;][\/vc_column][\/vc_row] &#8230; <\/p>\n","protected":false},"author":1,"featured_media":0,"parent":1625,"menu_order":0,"comment_status":"closed","ping_status":"closed","template":"","meta":{"footnotes":""},"class_list":["post-1688","page","type-page","status-publish","hentry"],"_links":{"self":[{"href":"https:\/\/catram-dz.com\/index.php?rest_route=\/wp\/v2\/pages\/1688","targetHints":{"allow":["GET"]}}],"collection":[{"href":"https:\/\/catram-dz.com\/index.php?rest_route=\/wp\/v2\/pages"}],"about":[{"href":"https:\/\/catram-dz.com\/index.php?rest_route=\/wp\/v2\/types\/page"}],"author":[{"embeddable":true,"href":"https:\/\/catram-dz.com\/index.php?rest_route=\/wp\/v2\/users\/1"}],"replies":[{"embeddable":true,"href":"https:\/\/catram-dz.com\/index.php?rest_route=%2Fwp%2Fv2%2Fcomments&post=1688"}],"version-history":[{"count":0,"href":"https:\/\/catram-dz.com\/index.php?rest_route=\/wp\/v2\/pages\/1688\/revisions"}],"up":[{"embeddable":true,"href":"https:\/\/catram-dz.com\/index.php?rest_route=\/wp\/v2\/pages\/1625"}],"wp:attachment":[{"href":"https:\/\/catram-dz.com\/index.php?rest_route=%2Fwp%2Fv2%2Fmedia&parent=1688"}],"curies":[{"name":"wp","href":"https:\/\/api.w.org\/{rel}","templated":true}]}}