{"id":1684,"date":"2022-11-20T15:02:23","date_gmt":"2022-11-20T15:02:23","guid":{"rendered":"https:\/\/carthage-tech.net\/demo\/catram\/?page_id=1684"},"modified":"2022-11-20T15:02:23","modified_gmt":"2022-11-20T15:02:23","slug":"energie","status":"publish","type":"page","link":"https:\/\/catram-dz.com\/?page_id=1684","title":{"rendered":"\u00c9nergie"},"content":{"rendered":"<div class=\"wpb-content-wrapper\"><p>[vc_row][vc_column width=\u00a0\u00bb1\/2&Prime;]<div id=\"cz_82096\" class=\"cz_82096 cz_title clr cz_title_pos_inline\"><div class=\"cz_title_content\"><div class=\"cz_wpe_content\"><div id=\"cz_p92vm4fw8\" class=\"cz_tab\">\n<div>\n<div id=\"cz_71184\" class=\"cz_71184 cz_title clr cz_title_pos_inline\">\n<div class=\"cz_title_content\">\n<div class=\"cz_wpe_content\">\n<p><strong>LOGISTIQUE DES \u00c9NERGIES : UN SECTEUR DANS LEQUEL PRIMENT LA R\u00c9ACTIVIT\u00c9 ET LA S\u00c9CURIT\u00c9<\/strong><\/p>\n<p>&nbsp;<\/p>\n<p>L\u2019\u00e9nergie est un secteur sans lequel d\u2019autres industries ne pourraient exister et qui repr\u00e9sente le plus grand nombre de projets et d\u2019installations dans le monde, avec des int\u00e9r\u00eats financiers majeurs.<\/p>\n<p>&nbsp;<\/p>\n<p>Alors que les \u00e9conomies en d\u00e9veloppement continuent d\u2019\u00e9tendre leurs installations de production pour r\u00e9pondre \u00e0 la demande croissante, le nombre de projets \u00e9nerg\u00e9tiques dans le monde ne cesse d\u2019augmenter.<\/p>\n<p>&nbsp;<\/p>\n<p>Quel que soit le domaine d\u2019expertise, les infrastructures vieillissantes, les l\u00e9gislations de plus en plus strictes en mati\u00e8re d\u2019\u00e9missions carbone et l\u2019utilisation des \u00e9nergies renouvelables sont autant de moteurs du d\u00e9veloppement de ces projets avec un d\u00e9fi majeur\u00a0: synchroniser la fourniture d\u2019\u00e9quipements \u00e0 partir d\u2019un large \u00e9ventail de sources dans des zones potentiellement recul\u00e9es tout en accordant une attention constante \u00e0 la s\u00e9curit\u00e9, \u00e0 la conformit\u00e9 r\u00e9glementaire et \u00e0 l\u2019environnement.<\/p>\n<p>&nbsp;<\/p>\n<p><strong>CATRAM LOGISTICS EST RECONNU COMME EXPERT NATIONAL PAR SES CLIENTS \u00ab \u00c9NERGIES \u00bb, GR\u00c2CE \u00c0 L\u2019EXP\u00c9RIENCE ACQUISE EN TRAVAILLANT \u00c9TROITEMENT AVEC DES ACTEURS MAJEURS DE CE SECTEUR.<\/strong><\/p>\n<\/div>\n<\/div>\n<\/div>\n<\/div>\n<\/div>\n<\/div><\/div><\/div>[\/vc_column][vc_column width=\u00a0\u00bb1\/2&Prime;]<div id=\"cz_28748\" class=\"cz_28748 cz_image clr cz_image_no_fx center_on_mobile\"><div class=\"\" ><div class=\"cz_image_in\"><div class=\"cz_main_image\"><img decoding=\"async\" width=\"960\" height=\"1280\" src=\"https:\/\/catram-dz.com\/wp-content\/uploads\/2022\/11\/Gas-Plant.jpg\" class=\"attachment-full\" alt=\"\" title=\"Gas-Plant\" srcset=\"https:\/\/catram-dz.com\/wp-content\/uploads\/2022\/11\/Gas-Plant.jpg 960w, https:\/\/catram-dz.com\/wp-content\/uploads\/2022\/11\/Gas-Plant-225x300.jpg 225w, https:\/\/catram-dz.com\/wp-content\/uploads\/2022\/11\/Gas-Plant-768x1024.jpg 768w, https:\/\/catram-dz.com\/wp-content\/uploads\/2022\/11\/Gas-Plant-600x800.jpg 600w\" sizes=\"(max-width: 960px) 100vw, 960px\" \/><\/div><\/div><\/div><\/div>[\/vc_column][\/vc_row]<\/p>\n<\/div>","protected":false},"excerpt":{"rendered":"<p>[vc_row][vc_column width=\u00a0\u00bb1\/2&Prime;][\/vc_column][vc_column width=\u00a0\u00bb1\/2&Prime;][\/vc_column][\/vc_row] &#8230; <\/p>\n","protected":false},"author":1,"featured_media":0,"parent":1625,"menu_order":0,"comment_status":"closed","ping_status":"closed","template":"","meta":{"footnotes":""},"class_list":["post-1684","page","type-page","status-publish","hentry"],"_links":{"self":[{"href":"https:\/\/catram-dz.com\/index.php?rest_route=\/wp\/v2\/pages\/1684","targetHints":{"allow":["GET"]}}],"collection":[{"href":"https:\/\/catram-dz.com\/index.php?rest_route=\/wp\/v2\/pages"}],"about":[{"href":"https:\/\/catram-dz.com\/index.php?rest_route=\/wp\/v2\/types\/page"}],"author":[{"embeddable":true,"href":"https:\/\/catram-dz.com\/index.php?rest_route=\/wp\/v2\/users\/1"}],"replies":[{"embeddable":true,"href":"https:\/\/catram-dz.com\/index.php?rest_route=%2Fwp%2Fv2%2Fcomments&post=1684"}],"version-history":[{"count":0,"href":"https:\/\/catram-dz.com\/index.php?rest_route=\/wp\/v2\/pages\/1684\/revisions"}],"up":[{"embeddable":true,"href":"https:\/\/catram-dz.com\/index.php?rest_route=\/wp\/v2\/pages\/1625"}],"wp:attachment":[{"href":"https:\/\/catram-dz.com\/index.php?rest_route=%2Fwp%2Fv2%2Fmedia&parent=1684"}],"curies":[{"name":"wp","href":"https:\/\/api.w.org\/{rel}","templated":true}]}}