{"id":1681,"date":"2022-11-20T14:47:49","date_gmt":"2022-11-20T14:47:49","guid":{"rendered":"https:\/\/carthage-tech.net\/demo\/catram\/?page_id=1681"},"modified":"2022-11-20T14:47:49","modified_gmt":"2022-11-20T14:47:49","slug":"automobile","status":"publish","type":"page","link":"https:\/\/catram-dz.com\/?page_id=1681","title":{"rendered":"Automobile"},"content":{"rendered":"<div class=\"wpb-content-wrapper\"><p>[vc_row][vc_column width=\u00a0\u00bb1\/2&Prime;]<div id=\"cz_31921\" class=\"cz_31921 cz_title clr cz_title_pos_inline\"><div class=\"cz_title_content\"><div class=\"cz_wpe_content\"><div id=\"cz_8mdutbtm1\" class=\"cz_tab\">\n<div>\n<div id=\"cz_31270\" class=\"cz_31270 cz_title clr cz_title_pos_inline\">\n<div class=\"cz_title_content\">\n<div class=\"cz_wpe_content\">\n<p>Le march\u00e9 de l\u2019automobile \u00e9tant en constante \u00e9volution, les constructeurs et les \u00e9quipementiers doivent \u00eatre flexibles et bien ma\u00eetriser leurs co\u00fbts. Ces besoins constituent des d\u00e9fis importants \u00e0 relever pour leur\u00a0supply chain \u00e0 l\u2019\u00e9chelle mondiale. Chez CATRAM, nous mettons plusieurs ann\u00e9es d\u2019expertise au service du secteur automobile pour\u00a0r\u00e9pondre \u00e0 la demande du march\u00e9 et \u00e0 ses \u00e9volutions \u00e0 un rythme appropri\u00e9. Nous proposons des solutions logistiques globales et adapt\u00e9es telles que les syst\u00e8mes SKD et CKD, le sous-assemblage, le transport en porte-\u00e0-porte avec une visibilit\u00e9 en temps r\u00e9el et le transport des v\u00e9hicules. Nous offrons ces services avec la passion et le souci du d\u00e9tail qui nous caract\u00e9risent,\u00a0parce que notre entrep\u00f4t est aussi le v\u00f4tre.<\/p>\n<p>&nbsp;<\/p>\n<p><strong>Assurer l\u2019approvisionnement des lignes de fabrication<\/strong><\/p>\n<p>&nbsp;<\/p>\n<p>Lorsque nous g\u00e9rons la logistique des pi\u00e8ces et des composants de nos clients, nous pla\u00e7ons le calendrier de production au c\u0153ur de nos pr\u00e9occupations, car nous savons qu\u2019un seul \u00e9l\u00e9ment peut affecter l\u2019efficacit\u00e9 de toute une cha\u00eene de production.. Pour satisfaire vos demandes les plus complexes, nous implantons nos sites \u00e0 des endroits strat\u00e9giques afin de mieux servir les \u00e9tablissements de votre<\/p>\n<p>Des op\u00e9rations CKD et SKD parfaitement orchestr\u00e9es<br \/>\nNous disposons\u00a0d\u2019une offre de services vari\u00e9e pour vous aider dans vos\u00a0op\u00e9rations de CKD et SKD. Parce que chaque entreprise a ses propres m\u00e9thodes et parce qu\u2019il s\u2019agit d\u2019une t\u00e2che d\u00e9licate, nous faisons preuve de flexibilit\u00e9 pour satisfaire les besoins et les exigences de tous nos clients. Les pi\u00e8ces automobiles totalement ou partiellement d\u00e9tach\u00e9es, respectivement CKD (Completely Knocked Down) et SKD (Semi Knocked Down), sont tr\u00e8s\u00a0souvent\u00a0utilis\u00e9es dans la fabrication d\u2019automobiles.<\/p>\n<p>&nbsp;<\/p>\n<p><strong>Gestion des emballages et des conteneurs<\/strong><\/p>\n<p>&nbsp;<\/p>\n<p>Le conditionnement et les conteneurs peuvent contribuer \u00e0 r\u00e9duire vos co\u00fbts, mais aussi \u00e0 vous maintenir \u00e0 jour au regard des lois et r\u00e9glementations, et font ainsi partie des fondamentaux de la logistique. CATRAM g\u00e8re tous les types d\u2019emballages et de conteneurs afin qu\u2019ils puissent \u00eatre r\u00e9utilisables et nous g\u00e9rons aussi la restitution de vos conteneurs pour vous \u00e9viter des surestaries.<\/p>\n<p>&nbsp;<\/p>\n<p><strong>Transport multimodal et transfrontalier<\/strong><\/p>\n<p>&nbsp;<\/p>\n<p>Les services logistiques transfrontaliers requi\u00e8rent une grande expertise et une bonne visibilit\u00e9. La l\u00e9gislation, les r\u00e9glementations et la documentation sp\u00e9cifique varient d\u2019un pays \u00e0 l\u2019autre. Pour faire face \u00e0 ces contraintes, le transport doit \u00eatre planifi\u00e9 \u00e0 l\u2019avance et pr\u00e9voir les \u00e9ventuels retards dus aux formalit\u00e9s douani\u00e8res.\u00a0Les difficult\u00e9s sont encore plus nombreuses et les co\u00fbts plus \u00e9lev\u00e9s en cas de transport multimodal<\/p>\n<\/div>\n<\/div>\n<\/div>\n<\/div>\n<\/div>\n<\/div><\/div><\/div>[\/vc_column][vc_column width=\u00a0\u00bb1\/2&Prime;]<div id=\"cz_43501\" class=\"cz_43501 cz_image clr cz_image_no_fx center_on_mobile\"><div class=\"\" ><div class=\"cz_image_in\"><div class=\"cz_main_image\"><img decoding=\"async\" width=\"716\" height=\"900\" src=\"https:\/\/catram-dz.com\/wp-content\/uploads\/2022\/11\/car-factory.jpg\" class=\"attachment-full\" alt=\"\" title=\"car-factory\" srcset=\"https:\/\/catram-dz.com\/wp-content\/uploads\/2022\/11\/car-factory.jpg 716w, https:\/\/catram-dz.com\/wp-content\/uploads\/2022\/11\/car-factory-239x300.jpg 239w, https:\/\/catram-dz.com\/wp-content\/uploads\/2022\/11\/car-factory-600x754.jpg 600w\" sizes=\"(max-width: 716px) 100vw, 716px\" \/><\/div><\/div><\/div><\/div>[\/vc_column][\/vc_row]<\/p>\n<\/div>","protected":false},"excerpt":{"rendered":"<p>[vc_row][vc_column width=\u00a0\u00bb1\/2&Prime;][\/vc_column][vc_column width=\u00a0\u00bb1\/2&Prime;][\/vc_column][\/vc_row] &#8230; <\/p>\n","protected":false},"author":1,"featured_media":0,"parent":1625,"menu_order":0,"comment_status":"closed","ping_status":"closed","template":"","meta":{"footnotes":""},"class_list":["post-1681","page","type-page","status-publish","hentry"],"_links":{"self":[{"href":"https:\/\/catram-dz.com\/index.php?rest_route=\/wp\/v2\/pages\/1681","targetHints":{"allow":["GET"]}}],"collection":[{"href":"https:\/\/catram-dz.com\/index.php?rest_route=\/wp\/v2\/pages"}],"about":[{"href":"https:\/\/catram-dz.com\/index.php?rest_route=\/wp\/v2\/types\/page"}],"author":[{"embeddable":true,"href":"https:\/\/catram-dz.com\/index.php?rest_route=\/wp\/v2\/users\/1"}],"replies":[{"embeddable":true,"href":"https:\/\/catram-dz.com\/index.php?rest_route=%2Fwp%2Fv2%2Fcomments&post=1681"}],"version-history":[{"count":0,"href":"https:\/\/catram-dz.com\/index.php?rest_route=\/wp\/v2\/pages\/1681\/revisions"}],"up":[{"embeddable":true,"href":"https:\/\/catram-dz.com\/index.php?rest_route=\/wp\/v2\/pages\/1625"}],"wp:attachment":[{"href":"https:\/\/catram-dz.com\/index.php?rest_route=%2Fwp%2Fv2%2Fmedia&parent=1681"}],"curies":[{"name":"wp","href":"https:\/\/api.w.org\/{rel}","templated":true}]}}