{"id":1677,"date":"2022-11-20T14:43:27","date_gmt":"2022-11-20T14:43:27","guid":{"rendered":"https:\/\/carthage-tech.net\/demo\/catram\/?page_id=1677"},"modified":"2022-11-20T14:43:27","modified_gmt":"2022-11-20T14:43:27","slug":"vente-au-detail-et-bien-de-consommation","status":"publish","type":"page","link":"https:\/\/catram-dz.com\/?page_id=1677","title":{"rendered":"Vente au d\u00e9tail et bien de consommation"},"content":{"rendered":"<div class=\"wpb-content-wrapper\"><p>[vc_row][vc_column width=\u00a0\u00bb1\/2&Prime;]<div id=\"cz_23925\" class=\"cz_23925 cz_title clr cz_title_pos_inline\"><div class=\"cz_title_content\"><div class=\"cz_wpe_content\"><div id=\"cz_h52poi75m\" class=\"cz_tab\">\n<div>\n<div id=\"cz_11893\" class=\"cz_11893 cz_title clr cz_title_pos_inline\">\n<div class=\"cz_title_content\">\n<div class=\"cz_wpe_content\">\n<p><strong>DES D\u00c9FIS MAJEURS DANS UN ENVIRONNEMENT COMPLEXE<\/strong><\/p>\n<p>&nbsp;<\/p>\n<p>Des march\u00e9s ultra-comp\u00e9titifs, la digitalisation, la mondialisation des approvisionnements et la distribution multicanale sont devenus des leviers essentiels des performances des fabricants et distributeurs. Les consommateurs esp\u00e8rent un traitement rapide des de leurs commandes quel que soit le canal de vente. G\u00e9rer la demande des consommateurs pour garantir la disponibilit\u00e9 des produits \u00e0 temps est un r\u00e9el challenge. Il est essentiel d\u2019offrir une visibilit\u00e9 compl\u00e8te et des solutions e-commerce transfrontali\u00e8res afin de g\u00e9rer les d\u00e9fis commerciaux des secteurs des biens de consommation et du commerce de d\u00e9tail.<\/p>\n<p>&nbsp;<\/p>\n<p><strong>CATRAM PROPOSE DES SOLUTIONS GLOBALES \u00c0 FORTE VALEUR AJOUT\u00c9E<\/strong><\/p>\n<p>&nbsp;<\/p>\n<p>La gestion de la demande des consommateurs pour garantir la disponibilit\u00e9 des produits est essentielle.<br \/>\nDans le m\u00eame temps, le secteur des biens de consommation et du commerce de d\u00e9tail est particuli\u00e8rement sensible aux variables de co\u00fbts, de par ses flux tr\u00e8s importants. Il est \u00e9galement complexe vu le nombre de fournisseurs de produits finis et semi-finis et souvent localis\u00e9s loin des unit\u00e9s de production et des march\u00e9s qu\u2019ils desservent.<br \/>\nCATRAM con\u00e7oit et met en \u0153uvre des solutions qui r\u00e9pondent \u00e0 l\u2019ensemble des contraintes qualit\u00e9, co\u00fbt et d\u00e9lai.<\/p>\n<p>&nbsp;<\/p>\n<p><strong>UNE GAMME COMPL\u00c8TE DE SERVICES EN AMONT ET EN AVAL<\/strong><\/p>\n<p>&nbsp;<\/p>\n<ul>\n<li>Gestion des fournisseurs<\/li>\n<li>Groupage des marchandises et des flux de distribution sur les plateformes de CATRAM<\/li>\n<li>Fret a\u00e9rien et maritime<\/li>\n<li>Formalit\u00e9s douani\u00e8res<\/li>\n<li>Plateformes de stockage et de distribution avanc\u00e9es<\/li>\n<li>Services \u00e0 valeur ajout\u00e9e<\/li>\n<li>La logistique des retours<\/li>\n<\/ul>\n<\/div>\n<\/div>\n<\/div>\n<\/div>\n<\/div>\n<\/div><\/div><\/div>[\/vc_column][vc_column width=\u00a0\u00bb1\/2&Prime;]<div id=\"cz_93971\" class=\"cz_93971 cz_image clr cz_image_no_fx center_on_mobile\"><div class=\"\" ><div class=\"cz_image_in\"><div class=\"cz_main_image\"><img decoding=\"async\" width=\"800\" height=\"1067\" src=\"https:\/\/catram-dz.com\/wp-content\/uploads\/2022\/11\/detail.jpg\" class=\"attachment-full\" alt=\"\" title=\"detail\" srcset=\"https:\/\/catram-dz.com\/wp-content\/uploads\/2022\/11\/detail.jpg 800w, https:\/\/catram-dz.com\/wp-content\/uploads\/2022\/11\/detail-225x300.jpg 225w, https:\/\/catram-dz.com\/wp-content\/uploads\/2022\/11\/detail-768x1024.jpg 768w, https:\/\/catram-dz.com\/wp-content\/uploads\/2022\/11\/detail-600x800.jpg 600w\" sizes=\"(max-width: 800px) 100vw, 800px\" \/><\/div><\/div><\/div><\/div>[\/vc_column][\/vc_row]<\/p>\n<\/div>","protected":false},"excerpt":{"rendered":"<p>[vc_row][vc_column width=\u00a0\u00bb1\/2&Prime;][\/vc_column][vc_column width=\u00a0\u00bb1\/2&Prime;][\/vc_column][\/vc_row] &#8230; <\/p>\n","protected":false},"author":1,"featured_media":0,"parent":1625,"menu_order":0,"comment_status":"closed","ping_status":"closed","template":"","meta":{"footnotes":""},"class_list":["post-1677","page","type-page","status-publish","hentry"],"_links":{"self":[{"href":"https:\/\/catram-dz.com\/index.php?rest_route=\/wp\/v2\/pages\/1677","targetHints":{"allow":["GET"]}}],"collection":[{"href":"https:\/\/catram-dz.com\/index.php?rest_route=\/wp\/v2\/pages"}],"about":[{"href":"https:\/\/catram-dz.com\/index.php?rest_route=\/wp\/v2\/types\/page"}],"author":[{"embeddable":true,"href":"https:\/\/catram-dz.com\/index.php?rest_route=\/wp\/v2\/users\/1"}],"replies":[{"embeddable":true,"href":"https:\/\/catram-dz.com\/index.php?rest_route=%2Fwp%2Fv2%2Fcomments&post=1677"}],"version-history":[{"count":0,"href":"https:\/\/catram-dz.com\/index.php?rest_route=\/wp\/v2\/pages\/1677\/revisions"}],"up":[{"embeddable":true,"href":"https:\/\/catram-dz.com\/index.php?rest_route=\/wp\/v2\/pages\/1625"}],"wp:attachment":[{"href":"https:\/\/catram-dz.com\/index.php?rest_route=%2Fwp%2Fv2%2Fmedia&parent=1677"}],"curies":[{"name":"wp","href":"https:\/\/api.w.org\/{rel}","templated":true}]}}