{"id":1670,"date":"2022-11-20T13:48:51","date_gmt":"2022-11-20T13:48:51","guid":{"rendered":"https:\/\/carthage-tech.net\/demo\/catram\/?page_id=1670"},"modified":"2022-11-20T13:48:51","modified_gmt":"2022-11-20T13:48:51","slug":"supply-chain-optimization","status":"publish","type":"page","link":"https:\/\/catram-dz.com\/?page_id=1670","title":{"rendered":"Supply Chain Optimization"},"content":{"rendered":"<div class=\"wpb-content-wrapper\"><p>[vc_row][vc_column width=\u00a0\u00bb1\/2&Prime;]<div id=\"cz_68777\" class=\"cz_68777 cz_title clr cz_title_pos_inline\"><div class=\"cz_title_content\"><div class=\"cz_wpe_content\"><div id=\"cz_94mt4zg40\" class=\"cz_tab\">\n<div>\n<div id=\"cz_38332\" class=\"cz_38332 cz_title clr cz_title_pos_inline\">\n<div class=\"cz_title_content\">\n<div class=\"cz_wpe_content\">\n<p><strong>AM\u00c9LIORATION DE LA COORDINATION ET DE L\u2019OPTIMISATION POUR LA GESTION DE LA SUPPLY CHAIN<\/strong><\/p>\n<p>&nbsp;<\/p>\n<p>Les performances de la supply chain donnent aux entreprises cet avantage d\u00e9cisif qui les d\u00e9marque de leurs concurrents. Les march\u00e9s et r\u00e9seaux mondiaux actuels devenant de plus en plus complexes, les clients de CATRAM Logistics cherchent \u00e0 rationaliser leurs op\u00e9rations ou \u00e0 transformer leur logistique par le biais de prestataires externes, alors qu\u2019ils font face \u00e0 de nombreux d\u00e9fis.<\/p>\n<p>&nbsp;<\/p>\n<p>Ils ont besoin de simplifier la coordination de nombreux acteurs. Ils cherchent \u00e0 r\u00e9duire la volatilit\u00e9 et les incertitudes avec plus d\u2019anticipation, de visibilit\u00e9 et de transparence, ce qui leur permet d\u2019analyser leurs flux afin d\u2019optimiser leurs co\u00fbts, les d\u00e9lais de commercialisation et l\u2019impact environnemental.<\/p>\n<p>&nbsp;<\/p>\n<p>La mission de notre m\u00e9tier \u00ab Supply Chain Optimization \u00bb est de cr\u00e9er de la valeur pour nos clients au sein de leurs activit\u00e9s logistiques. Alors que 80% des grandes entreprises n\u2019ont une visibilit\u00e9 que sur 20% des co\u00fbts de leur Supply Chain, notre expertise permet \u00e0 nos clients d\u2019am\u00e9liorer leur efficacit\u00e9, leur rentabilit\u00e9 et la satisfaction de leurs propres clients. Nos permettent de transformer votre Supply chain d\u2019un centre de co\u00fbts en un actif strat\u00e9gique.<\/p>\n<p>&nbsp;<\/p>\n<p><strong>CATRAM<\/strong> cr\u00e9e donc de la valeur via ses prestations de conseil. Nos clients peuvent aussi confier la gestion de leur logistique \u00e0 <strong>CATRAM<\/strong> via un contrat d\u2019externalisation strat\u00e9gique.<\/p>\n<p>&nbsp;<\/p>\n<p><strong>Restructuration<\/strong><\/p>\n<p>&nbsp;<\/p>\n<p>La restructuration implique une refonte radicale des processus m\u00e9tier et du r\u00e9seau logistique en place prenant en charge ces processus. Cette initiative peut impliquer la mise en place de nouveaux modes de fonctionnement et de nouvelles technologies et structures d\u2019exploitation, avec pour objectif de fournir des avantages significatifs dans un d\u00e9lai d\u2019ex\u00e9cution limit\u00e9.<\/p>\n<p>&nbsp;<\/p>\n<p><strong>Gestion LEAN : l\u2019accent sur l\u2019am\u00e9lioration continue<\/strong><\/p>\n<p>&nbsp;<\/p>\n<p>La gestion LEAN se base elle sur l\u2019\u00e9volution plut\u00f4t que la r\u00e9volution, et constitue un processus d\u2019am\u00e9lioration continue sans \u00e9ch\u00e9ance fixe. <strong>CATRAM<\/strong> utilise une gamme d\u2019outils LEAN, tels que la cartographie de la cha\u00eene de valeur, pour identifier les \u00e9tapes inutiles pouvant \u00eatre supprim\u00e9es, am\u00e9liorant ainsi la productivit\u00e9. Nous utilisons \u00e9galement d\u2019autres outils LEAN, afin de cr\u00e9er de la valeur pour nos clients.<\/p>\n<\/div>\n<\/div>\n<\/div>\n<\/div>\n<\/div>\n<\/div><\/div><\/div>[\/vc_column][vc_column width=\u00a0\u00bb1\/2&Prime;]<div id=\"cz_66970\" class=\"cz_66970 cz_image clr cz_image_no_fx center_on_mobile\"><div class=\"\" ><div class=\"cz_image_in\"><div class=\"cz_main_image\"><img decoding=\"async\" width=\"541\" height=\"693\" src=\"https:\/\/catram-dz.com\/wp-content\/uploads\/2022\/11\/supply-chain.jpg\" class=\"attachment-full\" alt=\"\" title=\"supply chain\" srcset=\"https:\/\/catram-dz.com\/wp-content\/uploads\/2022\/11\/supply-chain.jpg 541w, https:\/\/catram-dz.com\/wp-content\/uploads\/2022\/11\/supply-chain-234x300.jpg 234w\" sizes=\"(max-width: 541px) 100vw, 541px\" \/><\/div><\/div><\/div><\/div>[\/vc_column][\/vc_row]<\/p>\n<\/div>","protected":false},"excerpt":{"rendered":"<p>[vc_row][vc_column width=\u00a0\u00bb1\/2&Prime;][\/vc_column][vc_column width=\u00a0\u00bb1\/2&Prime;][\/vc_column][\/vc_row] &#8230; <\/p>\n","protected":false},"author":1,"featured_media":0,"parent":1522,"menu_order":0,"comment_status":"closed","ping_status":"closed","template":"","meta":{"footnotes":""},"class_list":["post-1670","page","type-page","status-publish","hentry"],"_links":{"self":[{"href":"https:\/\/catram-dz.com\/index.php?rest_route=\/wp\/v2\/pages\/1670","targetHints":{"allow":["GET"]}}],"collection":[{"href":"https:\/\/catram-dz.com\/index.php?rest_route=\/wp\/v2\/pages"}],"about":[{"href":"https:\/\/catram-dz.com\/index.php?rest_route=\/wp\/v2\/types\/page"}],"author":[{"embeddable":true,"href":"https:\/\/catram-dz.com\/index.php?rest_route=\/wp\/v2\/users\/1"}],"replies":[{"embeddable":true,"href":"https:\/\/catram-dz.com\/index.php?rest_route=%2Fwp%2Fv2%2Fcomments&post=1670"}],"version-history":[{"count":0,"href":"https:\/\/catram-dz.com\/index.php?rest_route=\/wp\/v2\/pages\/1670\/revisions"}],"up":[{"embeddable":true,"href":"https:\/\/catram-dz.com\/index.php?rest_route=\/wp\/v2\/pages\/1522"}],"wp:attachment":[{"href":"https:\/\/catram-dz.com\/index.php?rest_route=%2Fwp%2Fv2%2Fmedia&parent=1670"}],"curies":[{"name":"wp","href":"https:\/\/api.w.org\/{rel}","templated":true}]}}