{"id":1667,"date":"2022-11-20T13:35:16","date_gmt":"2022-11-20T13:35:16","guid":{"rendered":"https:\/\/carthage-tech.net\/demo\/catram\/?page_id=1667"},"modified":"2022-11-20T13:35:16","modified_gmt":"2022-11-20T13:35:16","slug":"logistique-contractuelle","status":"publish","type":"page","link":"https:\/\/catram-dz.com\/?page_id=1667","title":{"rendered":"Logistique Contractuelle"},"content":{"rendered":"<div class=\"wpb-content-wrapper\"><p>[vc_row][vc_column width=\u00a0\u00bb1\/2&Prime;]<div id=\"cz_69835\" class=\"cz_69835 cz_title clr cz_title_pos_inline\"><div class=\"cz_title_content\"><div class=\"cz_wpe_content\"><div id=\"cz_c0d2ketwm\" class=\"cz_tab\">\n<div>\n<div id=\"cz_50302\" class=\"cz_50302 cz_title clr cz_title_pos_inline\">\n<div class=\"cz_title_content\">\n<div class=\"cz_wpe_content\">\n<p><strong>GESTION DES STOCKS \u00c0 VALEUR AJOUT\u00c9E<\/strong><\/p>\n<p>&nbsp;<\/p>\n<p>Les plateformes logistiques optimis\u00e9es sont des facteurs cl\u00e9s de performance pour r\u00e9duire les d\u00e9lais de mise \u00e0 disposition sur le march\u00e9 et am\u00e9liorer l\u2019efficacit\u00e9 co\u00fbt de la supply chain. L\u2019utilisation de l\u2019espace, des processus plus simples et automatis\u00e9s, des op\u00e9rations de collecte et d\u2019exp\u00e9dition am\u00e9lior\u00e9es contribuent \u00e0 ces objectifs.<\/p>\n<p>&nbsp;<\/p>\n<p>La r\u00e9duction des cycles de vie des produits complexifie la planification de la demande. Une gestion d\u2019entrep\u00f4t agile et \u00e9volutive doit utiliser des informations \u00e0 jour et adapt\u00e9es, non seulement pour surveiller l\u2019\u00e9tat de l\u2019inventaire, mais \u00e9galement pour s\u2019adapter aux fluctuations de la demande.<\/p>\n<p>&nbsp;<\/p>\n<p>Avec nos six (06) plateformes logistique (Alger,Oran,Blida,Mostaganem,Relizane et Boumerdes)\u00a0, <strong>CATRAM<\/strong> est l\u2019un des leaders des prestataires logistiques.\u00a0Nous cr\u00e9ons et impl\u00e9mentons des solutions logistiques adapt\u00e9es \u00e0 vos besoins : du stockage jusqu\u2019\u00e0 la distribution au client final, nous couvrons toutes les principales industries.\u00a0En analysant vos besoins et vos d\u00e9fis, <strong>CATRAM<\/strong> transforme vos performances logistiques en levier pour le d\u00e9veloppement de votre entreprise, pour vos avantages concurrentiels\u00a0et pour la satisfaction de vos clients.<\/p>\n<\/div>\n<\/div>\n<\/div>\n<\/div>\n<\/div>\n<\/div><\/div><\/div>[\/vc_column][vc_column width=\u00a0\u00bb1\/2&Prime;]<div id=\"cz_27557\" class=\"cz_27557 cz_image clr cz_image_no_fx center_on_mobile\"><div class=\"\" ><div class=\"cz_image_in\"><div class=\"cz_main_image\"><img decoding=\"async\" width=\"2189\" height=\"1459\" src=\"https:\/\/catram-dz.com\/wp-content\/uploads\/2022\/11\/logistique.jpg\" class=\"attachment-full\" alt=\"\" title=\"At work on the warehouse floor\" srcset=\"https:\/\/catram-dz.com\/wp-content\/uploads\/2022\/11\/logistique.jpg 2189w, https:\/\/catram-dz.com\/wp-content\/uploads\/2022\/11\/logistique-300x200.jpg 300w, https:\/\/catram-dz.com\/wp-content\/uploads\/2022\/11\/logistique-1024x683.jpg 1024w, https:\/\/catram-dz.com\/wp-content\/uploads\/2022\/11\/logistique-768x512.jpg 768w, https:\/\/catram-dz.com\/wp-content\/uploads\/2022\/11\/logistique-1536x1024.jpg 1536w, https:\/\/catram-dz.com\/wp-content\/uploads\/2022\/11\/logistique-2048x1365.jpg 2048w, https:\/\/catram-dz.com\/wp-content\/uploads\/2022\/11\/logistique-600x400.jpg 600w\" sizes=\"(max-width: 2189px) 100vw, 2189px\" \/><\/div><\/div><\/div><\/div>[\/vc_column][\/vc_row]<\/p>\n<\/div>","protected":false},"excerpt":{"rendered":"<p>[vc_row][vc_column width=\u00a0\u00bb1\/2&Prime;][\/vc_column][vc_column width=\u00a0\u00bb1\/2&Prime;][\/vc_column][\/vc_row] &#8230; <\/p>\n","protected":false},"author":1,"featured_media":0,"parent":1522,"menu_order":0,"comment_status":"closed","ping_status":"closed","template":"","meta":{"footnotes":""},"class_list":["post-1667","page","type-page","status-publish","hentry"],"_links":{"self":[{"href":"https:\/\/catram-dz.com\/index.php?rest_route=\/wp\/v2\/pages\/1667","targetHints":{"allow":["GET"]}}],"collection":[{"href":"https:\/\/catram-dz.com\/index.php?rest_route=\/wp\/v2\/pages"}],"about":[{"href":"https:\/\/catram-dz.com\/index.php?rest_route=\/wp\/v2\/types\/page"}],"author":[{"embeddable":true,"href":"https:\/\/catram-dz.com\/index.php?rest_route=\/wp\/v2\/users\/1"}],"replies":[{"embeddable":true,"href":"https:\/\/catram-dz.com\/index.php?rest_route=%2Fwp%2Fv2%2Fcomments&post=1667"}],"version-history":[{"count":0,"href":"https:\/\/catram-dz.com\/index.php?rest_route=\/wp\/v2\/pages\/1667\/revisions"}],"up":[{"embeddable":true,"href":"https:\/\/catram-dz.com\/index.php?rest_route=\/wp\/v2\/pages\/1522"}],"wp:attachment":[{"href":"https:\/\/catram-dz.com\/index.php?rest_route=%2Fwp%2Fv2%2Fmedia&parent=1667"}],"curies":[{"name":"wp","href":"https:\/\/api.w.org\/{rel}","templated":true}]}}