{"id":1664,"date":"2022-11-20T13:27:46","date_gmt":"2022-11-20T13:27:46","guid":{"rendered":"https:\/\/carthage-tech.net\/demo\/catram\/?page_id=1664"},"modified":"2022-11-20T13:27:46","modified_gmt":"2022-11-20T13:27:46","slug":"logistique-de-projet-industriels","status":"publish","type":"page","link":"https:\/\/catram-dz.com\/?page_id=1664","title":{"rendered":"Logistique de Projet Industriels"},"content":{"rendered":"<div class=\"wpb-content-wrapper\"><p>[vc_row][vc_column width=\u00a0\u00bb1\/2&Prime;]<div id=\"cz_64160\" class=\"cz_64160 cz_title clr cz_title_pos_inline\"><div class=\"cz_title_content\"><div class=\"cz_wpe_content\"><div id=\"cz_5uoyrioef\" class=\"cz_tab\">\n<div>\n<div id=\"cz_61389\" class=\"cz_61389 cz_title clr cz_title_pos_inline\">\n<div class=\"cz_title_content\">\n<div class=\"cz_wpe_content\">\n<p><strong>UN SAVOIR-FAIRE ET UNE EXPERTISE DE POINTE EN R\u00c9PONSE \u00c0 DES D\u00c9FIS MAJEURS<\/strong><\/p>\n<p>&nbsp;<\/p>\n<p>Les projets industriels n\u00e9cessitent une connaissance parfaite des environnements locaux, une planification pr\u00e9cise de chaque op\u00e9ration, une gestion du transport de colis lourds, le tout avec un haut niveau d\u2019ex\u00e9cution et une grande flexibilit\u00e9.<\/p>\n<p>&nbsp;<\/p>\n<p>Cette activit\u00e9 implique des solutions uniques et adaptables pour garantir une supply chain fluide et garantir le meilleur itin\u00e9raire pour les marchandises, en tenant compte des objectifs d\u00e9lais, co\u00fbts, fiabilit\u00e9.<\/p>\n<\/div>\n<\/div>\n<\/div>\n<\/div>\n<\/div>\n<\/div><\/div><\/div>[\/vc_column][vc_column width=\u00a0\u00bb1\/2&Prime;]<div id=\"cz_45210\" class=\"cz_45210 cz_image clr cz_image_no_fx center_on_mobile\"><div class=\"\" ><div class=\"cz_image_in\"><div class=\"cz_main_image\"><img decoding=\"async\" width=\"2100\" height=\"1029\" src=\"https:\/\/catram-dz.com\/wp-content\/uploads\/2022\/11\/logistics-header-2.jpg\" class=\"attachment-full\" alt=\"\" title=\"logistics-header-2\" srcset=\"https:\/\/catram-dz.com\/wp-content\/uploads\/2022\/11\/logistics-header-2.jpg 2100w, https:\/\/catram-dz.com\/wp-content\/uploads\/2022\/11\/logistics-header-2-300x147.jpg 300w, https:\/\/catram-dz.com\/wp-content\/uploads\/2022\/11\/logistics-header-2-1024x502.jpg 1024w, https:\/\/catram-dz.com\/wp-content\/uploads\/2022\/11\/logistics-header-2-768x376.jpg 768w, https:\/\/catram-dz.com\/wp-content\/uploads\/2022\/11\/logistics-header-2-1536x753.jpg 1536w, https:\/\/catram-dz.com\/wp-content\/uploads\/2022\/11\/logistics-header-2-2048x1004.jpg 2048w, https:\/\/catram-dz.com\/wp-content\/uploads\/2022\/11\/logistics-header-2-600x294.jpg 600w\" sizes=\"(max-width: 2100px) 100vw, 2100px\" \/><\/div><\/div><\/div><\/div>[\/vc_column][\/vc_row]<\/p>\n<\/div>","protected":false},"excerpt":{"rendered":"<p>[vc_row][vc_column width=\u00a0\u00bb1\/2&Prime;][\/vc_column][vc_column width=\u00a0\u00bb1\/2&Prime;][\/vc_column][\/vc_row] &#8230; <\/p>\n","protected":false},"author":1,"featured_media":0,"parent":1522,"menu_order":0,"comment_status":"closed","ping_status":"closed","template":"","meta":{"footnotes":""},"class_list":["post-1664","page","type-page","status-publish","hentry"],"_links":{"self":[{"href":"https:\/\/catram-dz.com\/index.php?rest_route=\/wp\/v2\/pages\/1664","targetHints":{"allow":["GET"]}}],"collection":[{"href":"https:\/\/catram-dz.com\/index.php?rest_route=\/wp\/v2\/pages"}],"about":[{"href":"https:\/\/catram-dz.com\/index.php?rest_route=\/wp\/v2\/types\/page"}],"author":[{"embeddable":true,"href":"https:\/\/catram-dz.com\/index.php?rest_route=\/wp\/v2\/users\/1"}],"replies":[{"embeddable":true,"href":"https:\/\/catram-dz.com\/index.php?rest_route=%2Fwp%2Fv2%2Fcomments&post=1664"}],"version-history":[{"count":0,"href":"https:\/\/catram-dz.com\/index.php?rest_route=\/wp\/v2\/pages\/1664\/revisions"}],"up":[{"embeddable":true,"href":"https:\/\/catram-dz.com\/index.php?rest_route=\/wp\/v2\/pages\/1522"}],"wp:attachment":[{"href":"https:\/\/catram-dz.com\/index.php?rest_route=%2Fwp%2Fv2%2Fmedia&parent=1664"}],"curies":[{"name":"wp","href":"https:\/\/api.w.org\/{rel}","templated":true}]}}