{"id":1650,"date":"2022-11-20T12:07:12","date_gmt":"2022-11-20T12:07:12","guid":{"rendered":"https:\/\/carthage-tech.net\/demo\/catram\/?page_id=1650"},"modified":"2022-11-20T12:07:12","modified_gmt":"2022-11-20T12:07:12","slug":"fret-maritime","status":"publish","type":"page","link":"https:\/\/catram-dz.com\/?page_id=1650","title":{"rendered":"Fret Maritime"},"content":{"rendered":"<div class=\"wpb-content-wrapper\"><p>[vc_row][vc_column width=\u00a0\u00bb1\/2&Prime;]<div id=\"cz_98497\" class=\"cz_98497 cz_title clr cz_title_pos_inline\"><div class=\"cz_title_content\"><div class=\"cz_wpe_content\"><div id=\"cz_p892fc703\" class=\"cz_tab\">\n<div>\n<div id=\"cz_60469\" class=\"cz_60469 cz_title clr cz_title_pos_inline\">\n<div class=\"cz_title_content\">\n<div class=\"cz_wpe_content\">\n<p><strong>CATRAM<\/strong> se charge de toute autre op\u00e9ration qui peut nous \u00eatre confi\u00e9e par l\u2019armateur ou l\u2019affr\u00e9teur du navire, notamment la n\u00e9gociation et le recouvrement du fret. En tant que consignataire de navire, nous sommes le mandataire de l\u2019armateur ou de l\u2019affr\u00e9teur du navire pour le compte duquel il effectuera, pour pourvoir aux besoins du navire et de l\u2019exp\u00e9dition, toutes op\u00e9rations que le Capitaine n\u2019accomplit pas lui-m\u00eame.<\/p>\n<p>&nbsp;<\/p>\n<p><strong>CATRAM<\/strong> prend en charge dans sa globalit\u00e9 un navire durant son escale pour qu\u2019elle soit la plus rapide et la moins on\u00e9reuse possible. Nous repr\u00e9sentons les int\u00e9r\u00eats des armateurs dans les ports alg\u00e9riens et prenons toutes les mesures d\u2019ordre commercial, technique et administratif n\u00e9cessaires \u00e0 la bonne exploitation des navires transitant aux ports.<\/p>\n<\/div>\n<\/div>\n<\/div>\n<\/div>\n<\/div>\n<\/div><\/div><\/div>[\/vc_column][vc_column width=\u00a0\u00bb1\/2&Prime;]<div id=\"cz_50616\" class=\"cz_50616 cz_image clr cz_image_no_fx center_on_mobile\"><div class=\"\" ><div class=\"cz_image_in\"><div class=\"cz_main_image\"><img decoding=\"async\" width=\"1024\" height=\"576\" src=\"https:\/\/catram-dz.com\/wp-content\/uploads\/2022\/11\/Fret-Maritime-1024x576.jpg\" class=\"attachment-large\" alt=\"\" title=\"Fret Maritime\" srcset=\"https:\/\/catram-dz.com\/wp-content\/uploads\/2022\/11\/Fret-Maritime-1024x576.jpg 1024w, https:\/\/catram-dz.com\/wp-content\/uploads\/2022\/11\/Fret-Maritime-300x169.jpg 300w, https:\/\/catram-dz.com\/wp-content\/uploads\/2022\/11\/Fret-Maritime-768x432.jpg 768w, https:\/\/catram-dz.com\/wp-content\/uploads\/2022\/11\/Fret-Maritime-1536x864.jpg 1536w, https:\/\/catram-dz.com\/wp-content\/uploads\/2022\/11\/Fret-Maritime-600x338.jpg 600w, https:\/\/catram-dz.com\/wp-content\/uploads\/2022\/11\/Fret-Maritime.jpg 1600w\" sizes=\"(max-width: 1024px) 100vw, 1024px\" \/><\/div><\/div><\/div><\/div>[\/vc_column][\/vc_row]<\/p>\n<\/div>","protected":false},"excerpt":{"rendered":"<p>[vc_row][vc_column width=\u00a0\u00bb1\/2&Prime;][\/vc_column][vc_column width=\u00a0\u00bb1\/2&Prime;][\/vc_column][\/vc_row] &#8230; <\/p>\n","protected":false},"author":1,"featured_media":0,"parent":1522,"menu_order":0,"comment_status":"closed","ping_status":"closed","template":"","meta":{"footnotes":""},"class_list":["post-1650","page","type-page","status-publish","hentry"],"_links":{"self":[{"href":"https:\/\/catram-dz.com\/index.php?rest_route=\/wp\/v2\/pages\/1650","targetHints":{"allow":["GET"]}}],"collection":[{"href":"https:\/\/catram-dz.com\/index.php?rest_route=\/wp\/v2\/pages"}],"about":[{"href":"https:\/\/catram-dz.com\/index.php?rest_route=\/wp\/v2\/types\/page"}],"author":[{"embeddable":true,"href":"https:\/\/catram-dz.com\/index.php?rest_route=\/wp\/v2\/users\/1"}],"replies":[{"embeddable":true,"href":"https:\/\/catram-dz.com\/index.php?rest_route=%2Fwp%2Fv2%2Fcomments&post=1650"}],"version-history":[{"count":0,"href":"https:\/\/catram-dz.com\/index.php?rest_route=\/wp\/v2\/pages\/1650\/revisions"}],"up":[{"embeddable":true,"href":"https:\/\/catram-dz.com\/index.php?rest_route=\/wp\/v2\/pages\/1522"}],"wp:attachment":[{"href":"https:\/\/catram-dz.com\/index.php?rest_route=%2Fwp%2Fv2%2Fmedia&parent=1650"}],"curies":[{"name":"wp","href":"https:\/\/api.w.org\/{rel}","templated":true}]}}