{"id":1647,"date":"2022-11-20T11:43:56","date_gmt":"2022-11-20T11:43:56","guid":{"rendered":"https:\/\/carthage-tech.net\/demo\/catram\/?page_id=1647"},"modified":"2022-11-20T11:43:56","modified_gmt":"2022-11-20T11:43:56","slug":"transport-route","status":"publish","type":"page","link":"https:\/\/catram-dz.com\/?page_id=1647","title":{"rendered":"Transport route"},"content":{"rendered":"<div class=\"wpb-content-wrapper\"><p>[vc_row][vc_column width=\u00a0\u00bb1\/2&Prime;]<div id=\"cz_77335\" class=\"cz_77335 cz_title clr cz_title_pos_inline\"><div class=\"cz_title_content\"><div class=\"cz_wpe_content\"><div id=\"cz_pe3ossfct\" class=\"cz_tab\">\n<div>\n<div id=\"cz_101379\" class=\"cz_101379 cz_title clr cz_title_pos_inline\">\n<div class=\"cz_title_content\">\n<div class=\"cz_wpe_content\">\n<p><strong>Des solutions r\u00e9pondant \u00e0 vos exigences de co\u00fbts, de fiabilit\u00e9 et de rapidit\u00e9<\/strong><\/p>\n<p>&nbsp;<\/p>\n<p>Vous cherchez des solutions de transport performantes par la route ?<\/p>\n<p>&nbsp;<\/p>\n<p>Nous proposons des services de transport routier pour tous les besoins et tous les types de marchandises.<\/p>\n<p>&nbsp;<\/p>\n<p><strong>CATRAM<\/strong> est \u00e0 vos c\u00f4t\u00e9s pour r\u00e9pondre au moindre de vos besoins de transport ou de logistique \u00e0 l\u2019international comme en local en vous proposant des solutions pour le transport de vos marchandises en toute s\u00e9curit\u00e9 et sur-mesure. Nos solutions incluent\u00a0aussi la\u00a0proc\u00e9dure de d\u00e9douanement et logistique in situ .<\/p>\n<p>&nbsp;<\/p>\n<p>Nous exploitons une flotte en propre (tracteurs, semi-remorques et porteurs) et pr\u00e8s de XXXXX m\u00b2 de surface d\u2019entreposage. Au-del\u00e0 du\u00a0pilotage de flux\u00a0physiques, nous avons une expertise reconnue dans la gestion des flux d\u2019information qui nous permet d\u2019optimiser constamment vos plans de transport\u00a0de marchandises.<\/p>\n<p>&nbsp;<\/p>\n<p>4 offres, 4 r\u00e9ponses \u00e0 vos besoins<br \/>\n\u2022 Le groupage de marchandises, vous permettra\u00a0de r\u00e9duire les co\u00fbts de votre logistique en profitant d\u2019\u00e9conomies d\u2019\u00e9chelle.<br \/>\n\u2022 Le groupage palettis\u00e9 pour le transport de vos palettes<br \/>\n\u2022 Le LTL (Less Than TruckLoad), pour optimiser vos flux en transport par camion porte \u00e0 porte.<br \/>\n\u2022 Le FTL (Full Truck Load), pour un transport routier exclusif de vos marchandises.<\/p>\n<\/div>\n<\/div>\n<\/div>\n<\/div>\n<\/div>\n<\/div><\/div><\/div>[\/vc_column][vc_column width=\u00a0\u00bb1\/2&Prime;]<div id=\"cz_18590\" class=\"cz_18590 cz_image clr cz_image_no_fx center_on_mobile\"><div class=\"\" ><div class=\"cz_image_in\"><div class=\"cz_main_image\"><img decoding=\"async\" width=\"800\" height=\"575\" src=\"https:\/\/catram-dz.com\/wp-content\/uploads\/2022\/11\/viber_image_2022-11-22_10-46-32-685.jpg\" class=\"attachment-full\" alt=\"\" title=\"viber_image_2022-11-22_10-46-32-685\" srcset=\"https:\/\/catram-dz.com\/wp-content\/uploads\/2022\/11\/viber_image_2022-11-22_10-46-32-685.jpg 800w, https:\/\/catram-dz.com\/wp-content\/uploads\/2022\/11\/viber_image_2022-11-22_10-46-32-685-300x216.jpg 300w, https:\/\/catram-dz.com\/wp-content\/uploads\/2022\/11\/viber_image_2022-11-22_10-46-32-685-768x552.jpg 768w, https:\/\/catram-dz.com\/wp-content\/uploads\/2022\/11\/viber_image_2022-11-22_10-46-32-685-600x431.jpg 600w\" sizes=\"(max-width: 800px) 100vw, 800px\" \/><\/div><\/div><\/div><\/div>[\/vc_column][\/vc_row]<\/p>\n<\/div>","protected":false},"excerpt":{"rendered":"<p>[vc_row][vc_column width=\u00a0\u00bb1\/2&Prime;][\/vc_column][vc_column width=\u00a0\u00bb1\/2&Prime;][\/vc_column][\/vc_row] &#8230; <\/p>\n","protected":false},"author":1,"featured_media":0,"parent":1522,"menu_order":0,"comment_status":"closed","ping_status":"closed","template":"","meta":{"footnotes":""},"class_list":["post-1647","page","type-page","status-publish","hentry"],"_links":{"self":[{"href":"https:\/\/catram-dz.com\/index.php?rest_route=\/wp\/v2\/pages\/1647","targetHints":{"allow":["GET"]}}],"collection":[{"href":"https:\/\/catram-dz.com\/index.php?rest_route=\/wp\/v2\/pages"}],"about":[{"href":"https:\/\/catram-dz.com\/index.php?rest_route=\/wp\/v2\/types\/page"}],"author":[{"embeddable":true,"href":"https:\/\/catram-dz.com\/index.php?rest_route=\/wp\/v2\/users\/1"}],"replies":[{"embeddable":true,"href":"https:\/\/catram-dz.com\/index.php?rest_route=%2Fwp%2Fv2%2Fcomments&post=1647"}],"version-history":[{"count":0,"href":"https:\/\/catram-dz.com\/index.php?rest_route=\/wp\/v2\/pages\/1647\/revisions"}],"up":[{"embeddable":true,"href":"https:\/\/catram-dz.com\/index.php?rest_route=\/wp\/v2\/pages\/1522"}],"wp:attachment":[{"href":"https:\/\/catram-dz.com\/index.php?rest_route=%2Fwp%2Fv2%2Fmedia&parent=1647"}],"curies":[{"name":"wp","href":"https:\/\/api.w.org\/{rel}","templated":true}]}}